{"id":1532,"date":"2025-03-31T09:12:21","date_gmt":"2025-03-31T09:12:21","guid":{"rendered":"https:\/\/profilar.pl\/polityka-prywatnosci\/"},"modified":"2025-10-08T08:01:15","modified_gmt":"2025-10-08T08:01:15","slug":"zasady-ochrany-osobnych-udajov","status":"publish","type":"page","link":"https:\/\/profilar.pl\/sk\/zasady-ochrany-osobnych-udajov\/","title":{"rendered":"Z\u00e1sady ochrany osobn\u00fdch \u00fadajov"},"content":{"rendered":"\t\t<section id=\"\" class=\"page-header\" style=\"background-image:url('https:\/\/profilar.pl\/wp-content\/uploads\/2025\/03\/Rectangle-435.jpg')\">\n\t\t\t<h1>Z\u00e1sady ochrany osobn\u00fdch \u00fadajov<\/h1>\n\t\t<\/section>\n\t\t<div class=\"container\">\n\t\t\t<div id=\"crumbs\"><a href=\"https:\/\/profilar.pl\/sk\/\">Hlavn\u00e1 str\u00e1nka PROFILAR<\/a> <svg width=\"14\" height=\"13\" viewBox=\"0 0 14 13\" fill=\"none\" xmlns=\"http:\/\/www.w3.org\/2000\/svg\">\n<path d=\"M10.2571 7.30839L0.427553 7.30839L0.427553 5.69354L10.2565 5.69297L5.92535 1.36177L7.06739 0.219732L13.3486 6.50097L7.06739 12.7822L5.92534 11.6402L10.2571 7.30839Z\" fill=\"#536383\"\/>\n<\/svg>\n <span class=\"current\">Str\u00e1nka<\/span><\/div>\t\t<\/div>\n\t\t\n\n\t\t<section id=\"\" class=\"text\">\n\t\t\t<div class=\"container\">\n\t\t\t\t<h4>PROFILAR<\/h4>\n<h1>Z\u00e1sady ochrany osobn\u00fdch \u00fadajov<\/h1>\n<p><strong>Z\u00e1sady ochrany osobn\u00fdch \u00fadajov internetovej str\u00e1nky<\/strong><\/p>\n<p><strong>1. Defin\u00edcie:<\/strong><\/p>\n<p>1.1. Prev\u00e1dzkovate\u013e \u2013 Adamietz spolo\u010dnos\u0165 s ru\u010den\u00edm obmedzen\u00fdm, so s\u00eddlom v Strzelcach Opolskich na ulici Braci Prankel 1, 47-100 Strzelce Opolskie, REGON: 532242263, I\u010c DPH: 7561836633, zap\u00edsan\u00e1 v Obchodnom registri N\u00e1rodn\u00e9ho s\u00fadneho registra pod \u010d\u00edslom 0000100273.<br \/>\n1.2. Osobn\u00e9 \u00fadaje \u2013 inform\u00e1cie o fyzickej osobe, ktor\u00e1 je identifikovan\u00e1 alebo identifikovate\u013en\u00e1 na z\u00e1klade jedn\u00e9ho alebo viacer\u00fdch konkr\u00e9tnych faktorov ur\u010duj\u00facich jej fyzick\u00fa, fyziologick\u00fa, genetick\u00fa, psychick\u00fa, ekonomick\u00fa, kult\u00farnu alebo spolo\u010densk\u00fa identitu, vr\u00e1tane IP adresy zariadenia, internetov\u00e9ho identifik\u00e1tora a inform\u00e1ci\u00ed zhroma\u017e\u010fovan\u00fdch prostredn\u00edctvom s\u00faborov cookie alebo in\u00fdch podobn\u00fdch technol\u00f3gi\u00ed.<br \/>\n1.3. Politika \u2013 tieto Z\u00e1sady ochrany osobn\u00fdch \u00fadajov.<br \/>\n1.4. GDPR \u2013 nariadenie Eur\u00f3pskeho parlamentu a Rady (E\u00da) 2016\/679 z 27.04.2016 o ochrane fyzick\u00fdch os\u00f4b v s\u00favislosti so sprac\u00favan\u00edm osobn\u00fdch \u00fadajov a o vo\u013enom pohybe tak\u00fdchto \u00fadajov a o zru\u0161en\u00ed smernice 95\/46\/ES.<br \/>\n1.5. Webov\u00e1 str\u00e1nka \u2013 internetov\u00e1 str\u00e1nka prev\u00e1dzkovan\u00e1 Prev\u00e1dzkovate\u013eom na adrese www.adamietz.pl.<br \/>\n1.6. Pou\u017e\u00edvate\u013e \u2013 ka\u017ed\u00e1 fyzick\u00e1 osoba, ktor\u00e1 nav\u0161tevuje Webov\u00fa str\u00e1nku alebo vyu\u017e\u00edva jednu alebo viacero slu\u017eieb \u010di funkci\u00ed pop\u00edsan\u00fdch v Politike.<\/p>\n<p><strong>2. Sprac\u00favanie osobn\u00fdch \u00fadajov v s\u00favislosti s pou\u017e\u00edvan\u00edm Webovej str\u00e1nky<\/strong><\/p>\n<p>2.1. V s\u00favislosti s pou\u017e\u00edvan\u00edm Webovej str\u00e1nky zo strany Pou\u017e\u00edvate\u013ea zhroma\u017e\u010fuje Prev\u00e1dzkovate\u013e \u00fadaje v rozsahu nevyhnutnom na poskytovanie jednotliv\u00fdch pon\u00fakan\u00fdch slu\u017eieb. Ni\u017e\u0161ie s\u00fa uveden\u00e9 podrobn\u00e9 pravidl\u00e1 a \u00fa\u010dely spracovania osobn\u00fdch \u00fadajov zhroma\u017eden\u00fdch po\u010das pou\u017e\u00edvania Webovej str\u00e1nky Pou\u017e\u00edvate\u013eom.<br \/>\n2.2. V z\u00e1le\u017eitostiach t\u00fdkaj\u00facich sa spracovania osobn\u00fdch \u00fadajov sa m\u00f4\u017eete obr\u00e1ti\u0165 na Zodpovedn\u00fa osobu: Kamil Durna\u015b<br \/>\ntel. <a href=\"tel:+48791293232\">791-29-32-32<\/a><br \/>\ne-mail: <a href=\"mailto:iod@adamietz.pl\">iod@adamietz.pl<\/a><\/p>\n<p><strong>3. \u00da\u010dely a pr\u00e1vne z\u00e1klady sprac\u00favania osobn\u00fdch \u00fadajov na Webovej str\u00e1nke<\/strong><\/p>\n<p>3.1. Osobn\u00e9 \u00fadaje v\u0161etk\u00fdch os\u00f4b pou\u017e\u00edvaj\u00facich Webov\u00fa str\u00e1nku s\u00fa sprac\u00favan\u00e9 Prev\u00e1dzkovate\u013eom:<br \/>\na) na \u00fa\u010dely poskytovania slu\u017eieb elektronicky v rozsahu spr\u00edstup\u0148ovania obsahu Pou\u017e\u00edvate\u013eom \u2013 pr\u00e1vnym z\u00e1kladom sprac\u00favania je nevyhnutnos\u0165 spracovania na plnenie zmluvy (\u010dl. 6 ods. 1 p\u00edsm. b GDPR);<br \/>\nb) na \u00fa\u010dely ur\u010denia a uplat\u0148ovania n\u00e1rokov alebo obrany proti n\u00e1rokom \u2013 pr\u00e1vnym z\u00e1kladom sprac\u00favania je opr\u00e1vnen\u00fd z\u00e1ujem Prev\u00e1dzkovate\u013ea (\u010dl. 6 ods. 1 p\u00edsm. f GDPR), ktor\u00fdm je ochrana jeho pr\u00e1v;<br \/>\nc) na \u00fa\u010dely umo\u017enenia kontaktu s Prev\u00e1dzkovate\u013eom prostredn\u00edctvom kontaktn\u00e9ho formul\u00e1ra;<br \/>\nd) na \u00fa\u010dely umo\u017enenia uch\u00e1dzania sa o zamestnanie u Prev\u00e1dzkovate\u013ea v s\u00favislosti s konkr\u00e9tnym v\u00fdberov\u00fdm konan\u00edm.<\/p>\n<p><strong>4. S\u00fabory cookie<\/strong><\/p>\n<p>4.1. Prev\u00e1dzkovate\u013e na Webovej str\u00e1nke pou\u017e\u00edva s\u00fabory cookie. \u00da\u010dely a pravidl\u00e1 pou\u017e\u00edvania s\u00faborov cookie s\u00fa uveden\u00e9 v <a href=\"https:\/\/profilar.devoffteam.eu\/wp-content\/uploads\/2025\/09\/Polityka-cookies.pdf\" target=\"_blank\" rel=\"noopener\">Z\u00e1sad\u00e1ch pou\u017e\u00edvania s\u00faborov cookie<\/a>.<\/p>\n<p>5.1. Doba sprac\u00favania \u00fadajov Prev\u00e1dzkovate\u013eom z\u00e1vis\u00ed od typu poskytovanej slu\u017eby a \u00fa\u010delu spracovania. Z\u00e1sadne sa \u00fadaje sprac\u00favaj\u00fa po\u010das poskytovania slu\u017eby, do odvolania udelen\u00e9ho s\u00fahlasu alebo do vznesenia \u00fa\u010dinn\u00e9ho n\u00e1mietky proti sprac\u00favaniu \u00fadajov v pr\u00edpadoch, ke\u010f je pr\u00e1vnym z\u00e1kladom opr\u00e1vnen\u00fd z\u00e1ujem Prev\u00e1dzkovate\u013ea.<br \/>\n5.2. Doba sprac\u00favania \u00fadajov m\u00f4\u017ee by\u0165 pred\u013a\u017een\u00e1 v pr\u00edpade, \u017ee je sprac\u00favanie nevyhnutn\u00e9 na ur\u010denie a uplat\u0148ovanie pr\u00edpadn\u00fdch n\u00e1rokov alebo obranu proti n\u00e1rokom, a po tomto \u010dase len v pr\u00edpade a v rozsahu, ktor\u00fd vy\u017eaduj\u00fa pr\u00e1vne predpisy. Po uplynut\u00ed obdobia sprac\u00favania sa \u00fadaje nen\u00e1vratne vyma\u017e\u00fa.<\/p>\n<p><strong>6. Pr\u00e1va Pou\u017e\u00edvate\u013ea<\/strong><\/p>\n<p>6.1. Pou\u017e\u00edvate\u013e m\u00e1 pr\u00e1vo na pr\u00edstup k obsahu \u00fadajov a po\u017eiadavku na ich opravu, vymazanie, obmedzenie spracovania, pr\u00e1vo na prenos \u00fadajov a pr\u00e1vo poda\u0165 s\u0165a\u017enos\u0165 dozorn\u00e9mu org\u00e1nu na ochranu osobn\u00fdch \u00fadajov.<br \/>\n6.2. Pou\u017e\u00edvate\u013e m\u00e1 tie\u017e pr\u00e1vo namieta\u0165 proti spracovaniu \u00fadajov z d\u00f4vodov t\u00fdkaj\u00facich sa jeho konkr\u00e9tnej situ\u00e1cie, ktor\u00e9 sa uskuto\u010d\u0148uje na z\u00e1klade opr\u00e1vnen\u00e9ho z\u00e1ujmu Prev\u00e1dzkovate\u013ea.<\/p>\n<p><strong>7. Pr\u00edjemcovia osobn\u00fdch \u00fadajov<\/strong><\/p>\n<p>7.1. V s\u00favislosti s poskytovan\u00edm slu\u017eieb bud\u00fa osobn\u00e9 \u00fadaje zverejnen\u00e9 extern\u00fdm subjektom, najm\u00e4 poskytovate\u013eom IT slu\u017eieb, ktor\u00e9 umo\u017e\u0148uj\u00fa spr\u00e1vne fungovanie Webovej str\u00e1nky.<br \/>\n7.2. V pr\u00edpade z\u00edskania s\u00fahlasu Pou\u017e\u00edvate\u013ea m\u00f4\u017eu by\u0165 jeho \u00fadaje poskytnut\u00e9 aj in\u00fdm subjektom na ich vlastn\u00e9 \u00fa\u010dely, vr\u00e1tane marketingov\u00fdch \u00fa\u010delov.<br \/>\n7.3. Prev\u00e1dzkovate\u013e si vyhradzuje pr\u00e1vo spr\u00edstupni\u0165 vybran\u00e9 inform\u00e1cie o Pou\u017e\u00edvate\u013eovi pr\u00edslu\u0161n\u00fdm org\u00e1nom alebo tret\u00edm osob\u00e1m, ktor\u00e9 po\u017eiadaj\u00fa o tak\u00e9to inform\u00e1cie na z\u00e1klade pr\u00edslu\u0161n\u00e9ho pr\u00e1vneho z\u00e1kladu a v s\u00falade s platn\u00fdmi pr\u00e1vnymi predpismi.<\/p>\n<p><strong>8. Prenos osobn\u00fdch \u00fadajov mimo EHP<\/strong><\/p>\n<p>8.1. Va\u0161e \u00fadaje m\u00f4\u017eu by\u0165 pren\u00e1\u0161an\u00e9 mimo Eur\u00f3pskeho hospod\u00e1rskeho priestoru (EHP) v pr\u00edpadoch uveden\u00fdch v Z\u00e1sad\u00e1ch pou\u017e\u00edvania s\u00faborov cookie.<\/p>\n<p><strong>9. Bezpe\u010dnos\u0165 osobn\u00fdch \u00fadajov<\/strong><\/p>\n<p>9.1. Prev\u00e1dzkovate\u013e priebe\u017ene vykon\u00e1va anal\u00fdzu rizika s cie\u013eom zabezpe\u010di\u0165, \u017ee osobn\u00e9 \u00fadaje s\u00fa sprac\u00favan\u00e9 bezpe\u010dn\u00fdm sp\u00f4sobom \u2013 najm\u00e4 zabezpe\u010duje, \u017ee k \u00fadajom maj\u00fa pr\u00edstup len opr\u00e1vnen\u00e9 osoby a len v rozsahu, v akom je to nevyhnutn\u00e9 na plnenie ich \u00faloh. Prev\u00e1dzkovate\u013e zabezpe\u010duje, \u017ee v\u0161etky oper\u00e1cie na osobn\u00fdch \u00fadajoch s\u00fa zaznamenan\u00e9 a vykon\u00e1van\u00e9 len opr\u00e1vnen\u00fdmi zamestnancami a spolupracovn\u00edkmi.<br \/>\n9.2. Prev\u00e1dzkovate\u013e prij\u00edma v\u0161etky potrebn\u00e9 opatrenia, aby aj jeho subdod\u00e1vatelia a in\u00e9 spolupracuj\u00face subjekty poskytovali z\u00e1ruky pou\u017e\u00edvania primeran\u00fdch bezpe\u010dnostn\u00fdch opatren\u00ed v\u017edy, ke\u010f sprac\u00favaj\u00fa osobn\u00e9 \u00fadaje na z\u00e1klade poverenia Prev\u00e1dzkovate\u013ea.<\/p>\n<p><strong>10. Zmeny Z\u00e1sad ochrany osobn\u00fdch \u00fadajov<\/strong><\/p>\n<p>10.1. Politika je priebe\u017ene overovan\u00e1 a v pr\u00edpade potreby aktualizovan\u00e1.<br \/>\n10.<\/p>\n\t\t\t<\/div>\n\t\t<\/section>\n\t\t","protected":false},"excerpt":{"rendered":"","protected":false},"author":1,"featured_media":0,"parent":0,"menu_order":8,"comment_status":"closed","ping_status":"open","template":"","meta":{"_acf_changed":false,"footnotes":""},"class_list":["post-1532","page","type-page","status-publish","hentry"],"acf":[],"yoast_head":"<!-- This site is optimized with the Yoast SEO plugin v27.3 - https:\/\/yoast.com\/product\/yoast-seo-wordpress\/ -->\n<title>Z\u00e1sady ochrany osobn\u00fdch \u00fadajov - Profilar<\/title>\n<meta name=\"robots\" content=\"index, follow, max-snippet:-1, max-image-preview:large, max-video-preview:-1\" \/>\n<link rel=\"canonical\" href=\"https:\/\/profilar.pl\/sk\/zasady-ochrany-osobnych-udajov\/\" \/>\n<meta property=\"og:locale\" content=\"sk_SK\" \/>\n<meta property=\"og:type\" content=\"article\" \/>\n<meta property=\"og:title\" content=\"Z\u00e1sady ochrany osobn\u00fdch \u00fadajov - Profilar\" \/>\n<meta property=\"og:url\" content=\"https:\/\/profilar.pl\/sk\/zasady-ochrany-osobnych-udajov\/\" \/>\n<meta property=\"og:site_name\" content=\"Profilar\" \/>\n<meta property=\"article:publisher\" content=\"https:\/\/www.facebook.com\/PROFILAR.online\/\" \/>\n<meta property=\"article:modified_time\" content=\"2025-10-08T08:01:15+00:00\" \/>\n<meta name=\"twitter:card\" content=\"summary_large_image\" \/>\n<script type=\"application\/ld+json\" class=\"yoast-schema-graph\">{\"@context\":\"https:\\\/\\\/schema.org\",\"@graph\":[{\"@type\":\"WebPage\",\"@id\":\"https:\\\/\\\/profilar.pl\\\/sk\\\/zasady-ochrany-osobnych-udajov\\\/\",\"url\":\"https:\\\/\\\/profilar.pl\\\/sk\\\/zasady-ochrany-osobnych-udajov\\\/\",\"name\":\"Z\u00e1sady ochrany osobn\u00fdch \u00fadajov - Profilar\",\"isPartOf\":{\"@id\":\"https:\\\/\\\/profilar.pl\\\/#website\"},\"datePublished\":\"2025-03-31T09:12:21+00:00\",\"dateModified\":\"2025-10-08T08:01:15+00:00\",\"breadcrumb\":{\"@id\":\"https:\\\/\\\/profilar.pl\\\/sk\\\/zasady-ochrany-osobnych-udajov\\\/#breadcrumb\"},\"inLanguage\":\"sk-SK\",\"potentialAction\":[{\"@type\":\"ReadAction\",\"target\":[\"https:\\\/\\\/profilar.pl\\\/sk\\\/zasady-ochrany-osobnych-udajov\\\/\"]}]},{\"@type\":\"BreadcrumbList\",\"@id\":\"https:\\\/\\\/profilar.pl\\\/sk\\\/zasady-ochrany-osobnych-udajov\\\/#breadcrumb\",\"itemListElement\":[{\"@type\":\"ListItem\",\"position\":1,\"name\":\"Home\",\"item\":\"https:\\\/\\\/profilar.pl\\\/sk\\\/\"},{\"@type\":\"ListItem\",\"position\":2,\"name\":\"Z\u00e1sady ochrany osobn\u00fdch \u00fadajov\"}]},{\"@type\":\"WebSite\",\"@id\":\"https:\\\/\\\/profilar.pl\\\/#website\",\"url\":\"https:\\\/\\\/profilar.pl\\\/\",\"name\":\"Stalowe profile zimnogi\u0119te | Profilar\",\"description\":\"\",\"publisher\":{\"@id\":\"https:\\\/\\\/profilar.pl\\\/#organization\"},\"potentialAction\":[{\"@type\":\"SearchAction\",\"target\":{\"@type\":\"EntryPoint\",\"urlTemplate\":\"https:\\\/\\\/profilar.pl\\\/?s={search_term_string}\"},\"query-input\":{\"@type\":\"PropertyValueSpecification\",\"valueRequired\":true,\"valueName\":\"search_term_string\"}}],\"inLanguage\":\"sk-SK\"},{\"@type\":\"Organization\",\"@id\":\"https:\\\/\\\/profilar.pl\\\/#organization\",\"name\":\"Profilar\",\"url\":\"https:\\\/\\\/profilar.pl\\\/\",\"logo\":{\"@type\":\"ImageObject\",\"inLanguage\":\"sk-SK\",\"@id\":\"https:\\\/\\\/profilar.pl\\\/#\\\/schema\\\/logo\\\/image\\\/\",\"url\":\"https:\\\/\\\/profilar.pl\\\/wp-content\\\/uploads\\\/2025\\\/09\\\/Group-1.svg\",\"contentUrl\":\"https:\\\/\\\/profilar.pl\\\/wp-content\\\/uploads\\\/2025\\\/09\\\/Group-1.svg\",\"caption\":\"Profilar\"},\"image\":{\"@id\":\"https:\\\/\\\/profilar.pl\\\/#\\\/schema\\\/logo\\\/image\\\/\"},\"sameAs\":[\"https:\\\/\\\/www.facebook.com\\\/PROFILAR.online\\\/\",\"https:\\\/\\\/pl.linkedin.com\\\/company\\\/profilar\",\"https:\\\/\\\/www.instagram.com\\\/profilar.online\\\/\"]}]}<\/script>\n<!-- \/ Yoast SEO plugin. -->","yoast_head_json":{"title":"Z\u00e1sady ochrany osobn\u00fdch \u00fadajov - Profilar","robots":{"index":"index","follow":"follow","max-snippet":"max-snippet:-1","max-image-preview":"max-image-preview:large","max-video-preview":"max-video-preview:-1"},"canonical":"https:\/\/profilar.pl\/sk\/zasady-ochrany-osobnych-udajov\/","og_locale":"sk_SK","og_type":"article","og_title":"Z\u00e1sady ochrany osobn\u00fdch \u00fadajov - Profilar","og_url":"https:\/\/profilar.pl\/sk\/zasady-ochrany-osobnych-udajov\/","og_site_name":"Profilar","article_publisher":"https:\/\/www.facebook.com\/PROFILAR.online\/","article_modified_time":"2025-10-08T08:01:15+00:00","twitter_card":"summary_large_image","schema":{"@context":"https:\/\/schema.org","@graph":[{"@type":"WebPage","@id":"https:\/\/profilar.pl\/sk\/zasady-ochrany-osobnych-udajov\/","url":"https:\/\/profilar.pl\/sk\/zasady-ochrany-osobnych-udajov\/","name":"Z\u00e1sady ochrany osobn\u00fdch \u00fadajov - Profilar","isPartOf":{"@id":"https:\/\/profilar.pl\/#website"},"datePublished":"2025-03-31T09:12:21+00:00","dateModified":"2025-10-08T08:01:15+00:00","breadcrumb":{"@id":"https:\/\/profilar.pl\/sk\/zasady-ochrany-osobnych-udajov\/#breadcrumb"},"inLanguage":"sk-SK","potentialAction":[{"@type":"ReadAction","target":["https:\/\/profilar.pl\/sk\/zasady-ochrany-osobnych-udajov\/"]}]},{"@type":"BreadcrumbList","@id":"https:\/\/profilar.pl\/sk\/zasady-ochrany-osobnych-udajov\/#breadcrumb","itemListElement":[{"@type":"ListItem","position":1,"name":"Home","item":"https:\/\/profilar.pl\/sk\/"},{"@type":"ListItem","position":2,"name":"Z\u00e1sady ochrany osobn\u00fdch \u00fadajov"}]},{"@type":"WebSite","@id":"https:\/\/profilar.pl\/#website","url":"https:\/\/profilar.pl\/","name":"Stalowe profile zimnogi\u0119te | Profilar","description":"","publisher":{"@id":"https:\/\/profilar.pl\/#organization"},"potentialAction":[{"@type":"SearchAction","target":{"@type":"EntryPoint","urlTemplate":"https:\/\/profilar.pl\/?s={search_term_string}"},"query-input":{"@type":"PropertyValueSpecification","valueRequired":true,"valueName":"search_term_string"}}],"inLanguage":"sk-SK"},{"@type":"Organization","@id":"https:\/\/profilar.pl\/#organization","name":"Profilar","url":"https:\/\/profilar.pl\/","logo":{"@type":"ImageObject","inLanguage":"sk-SK","@id":"https:\/\/profilar.pl\/#\/schema\/logo\/image\/","url":"https:\/\/profilar.pl\/wp-content\/uploads\/2025\/09\/Group-1.svg","contentUrl":"https:\/\/profilar.pl\/wp-content\/uploads\/2025\/09\/Group-1.svg","caption":"Profilar"},"image":{"@id":"https:\/\/profilar.pl\/#\/schema\/logo\/image\/"},"sameAs":["https:\/\/www.facebook.com\/PROFILAR.online\/","https:\/\/pl.linkedin.com\/company\/profilar","https:\/\/www.instagram.com\/profilar.online\/"]}]}},"_links":{"self":[{"href":"https:\/\/profilar.pl\/sk\/wp-json\/wp\/v2\/pages\/1532","targetHints":{"allow":["GET"]}}],"collection":[{"href":"https:\/\/profilar.pl\/sk\/wp-json\/wp\/v2\/pages"}],"about":[{"href":"https:\/\/profilar.pl\/sk\/wp-json\/wp\/v2\/types\/page"}],"author":[{"embeddable":true,"href":"https:\/\/profilar.pl\/sk\/wp-json\/wp\/v2\/users\/1"}],"replies":[{"embeddable":true,"href":"https:\/\/profilar.pl\/sk\/wp-json\/wp\/v2\/comments?post=1532"}],"version-history":[{"count":1,"href":"https:\/\/profilar.pl\/sk\/wp-json\/wp\/v2\/pages\/1532\/revisions"}],"predecessor-version":[{"id":1590,"href":"https:\/\/profilar.pl\/sk\/wp-json\/wp\/v2\/pages\/1532\/revisions\/1590"}],"wp:attachment":[{"href":"https:\/\/profilar.pl\/sk\/wp-json\/wp\/v2\/media?parent=1532"}],"curies":[{"name":"wp","href":"https:\/\/api.w.org\/{rel}","templated":true}]}}