{"id":1515,"date":"2025-03-31T10:42:17","date_gmt":"2025-03-31T10:42:17","guid":{"rendered":"https:\/\/profilar.pl\/o-nas\/"},"modified":"2026-03-25T14:36:27","modified_gmt":"2026-03-25T14:36:27","slug":"o-nas","status":"publish","type":"page","link":"https:\/\/profilar.pl\/sk\/o-nas\/","title":{"rendered":"O n\u00e1s\u00a0"},"content":{"rendered":"\t\t<section id=\"\" class=\"page-header\" style=\"background-image:url('https:\/\/profilar.pl\/wp-content\/uploads\/2025\/04\/onas.jpg')\">\n\t\t\t<h1>O n\u00e1s\u00a0<\/h1>\n\t\t<\/section>\n\t\t<div class=\"container\">\n\t\t\t<div id=\"crumbs\"><a href=\"https:\/\/profilar.pl\/sk\/\">Hlavn\u00e1 str\u00e1nka PROFILAR<\/a> <svg width=\"14\" height=\"13\" viewBox=\"0 0 14 13\" fill=\"none\" xmlns=\"http:\/\/www.w3.org\/2000\/svg\">\n<path d=\"M10.2571 7.30839L0.427553 7.30839L0.427553 5.69354L10.2565 5.69297L5.92535 1.36177L7.06739 0.219732L13.3486 6.50097L7.06739 12.7822L5.92534 11.6402L10.2571 7.30839Z\" fill=\"#536383\"\/>\n<\/svg>\n <span class=\"current\">Str\u00e1nka<\/span><\/div>\t\t<\/div>\n\t\t\n\n\t\t<section id=\"\" class=\"text-photo\">\n\t\t\t<div class=\"container\">\n\t\t\t\t<div class=\"text-photo__wrapper\">\n\t\t\t\t\t\n\t\t\t\t\t<div class=\"description\">\n\t\t\t\t\t\t\t\t\t\t\t\t\t<h4>PROFILAR <\/h4>\n\t\t\t\t\t\t\t\t\t\t\t\t\t\t\t\t\t\t\t<h2>N\u00e1\u0161 profil, v\u00e1\u0161 \u00faspech<\/h2>\n\t\t\t\t\t\t\t\t\t\t\t\t\t\t\t\t\t\t\t<p class=\"p1\"><span class=\"s1\">PROFILAR pon\u00faka v\u00fdrobu oce\u013eov\u00fdch a hlin\u00edkov\u00fdch profilov na mieru pre obchod, priemysel a stavebn\u00edctvo, v\u017edy prisp\u00f4soben\u00fa individu\u00e1lnym potreb\u00e1m z\u00e1kazn\u00edkov.<\/span><\/p>\n<p class=\"p1\"><span class=\"s1\">V\u010faka viac ako 25-ro\u010dn\u00fdm sk\u00fasenostiam dnes spolupracujeme s popredn\u00fdmi gener\u00e1lnymi dod\u00e1vate\u013emi stavebn\u00fdch projektov v Po\u013esku aj v celej Eur\u00f3pe a realizujeme viac ako 150 projektov ro\u010dne. Tieto sk\u00fasenosti sa premietaj\u00fa do na\u0161ej ka\u017edodennej pr\u00e1ce prostredn\u00edctvom dlhodobej spolupr\u00e1ce so st\u00e1lymi partnermi, individu\u00e1lneho pr\u00edstupu k z\u00e1kazn\u00edkom a v\u00fdrobn\u00fdch procesov prisp\u00f4soben\u00fdch ich potreb\u00e1m.<\/span><\/p>\n<p class=\"p1\"><span class=\"s1\">Spolo\u010dne s na\u0161imi z\u00e1kazn\u00edkmi vyv\u00edjame vlastn\u00e9 komponentov\u00e9 rie\u0161enia a inovat\u00edvne projek\u010dn\u00e9 syst\u00e9my. Rast na\u0161ich z\u00e1kazn\u00edkov podporuje n\u00e1\u0161 vlastn\u00fd rozvoj a z\u00e1rove\u0148 je v\u00fdsledkom na\u0161ej spolo\u010dnej spolupr\u00e1ce. V\u010faka podnetom od na\u0161ich partnerov vznikaj\u00fa nov\u00e9 pr\u00edle\u017eitosti a inovat\u00edvne n\u00e1pady, ktor\u00fdch realiz\u00e1cia je mo\u017en\u00e1 v\u010faka spolupr\u00e1ci cel\u00e9ho t\u00edmu PROFILAR. Na\u0161\u00edm cie\u013eom je poskytova\u0165 spo\u013eahliv\u00e9 a efekt\u00edvne rie\u0161enia, ktor\u00e9 prin\u00e1\u0161aj\u00fa skuto\u010dn\u00fa hodnotu na\u0161im z\u00e1kazn\u00edkom.<\/span><\/p>\n\t\t\t\t\t\t\t\t\t\t\t<\/div>\n\t\t\t\t\t<div class=\"photo\">\n\t\t\t\t\t\t\t\t\t\t\t\t\t<img decoding=\"async\" src=\"https:\/\/profilar.pl\/wp-content\/uploads\/2025\/08\/siedziba-profilar.webp\" alt=\"N\u00e1\u0161 profil, v\u00e1\u0161 \u00faspech\">\n\t\t\t\t\t\t\t\t\t\t\t<\/div>\n\t\t\t\t<\/div>\n\t\t\t<\/div>\n\t\t<\/section>\n\t\t\n\n\t\t<section id=\"\" class=\"cooperation\">\n\t\t\t<div class=\"container\">\n\t\t\t\t<div class=\"cooperation__wrapper\">\n\t\t\t\t\t<div>\n\t\t\t\t\t\t\t\t\t\t\t\t\t<h2>Poz\u00fdvame v\u00e1s na spolupr\u00e1cu!<\/h2>\n\t\t\t\t\t\t\t\t\t\t\t\t\t\t\t\t\t\t\t<p class=\"p1\"><span class=\"s1\">Ka\u017ed\u00fd projekt prin\u00e1\u0161a nov\u00e9 v\u00fdzvy. Pre n\u00e1s s\u00fa tieto v\u00fdzvy motiv\u00e1ciou k realiz\u00e1cii projektov na\u0161ich z\u00e1kazn\u00edkov. Po\u010das celej spolupr\u00e1ce je v\u00e1m k dispoz\u00edcii zodpovedn\u00e1 kontaktn\u00e1 osoba, ktor\u00e1 v\u00e1s prevedie cel\u00fdm procesom \u2013 od prvotnej my\u0161lienky a\u017e po dokon\u010denie projektu.<\/span><\/p>\n\t\t\t\t\t\t\t\t\t\t\t<\/div>\n\t\t\t\t<\/div>\n\t\t\t<\/div>\n\t\t<\/section>\n\t\t","protected":false},"excerpt":{"rendered":"","protected":false},"author":1,"featured_media":0,"parent":0,"menu_order":6,"comment_status":"closed","ping_status":"closed","template":"","meta":{"_acf_changed":false,"footnotes":""},"class_list":["post-1515","page","type-page","status-publish","hentry"],"acf":[],"yoast_head":"<!-- This site is optimized with the Yoast SEO plugin v27.3 - https:\/\/yoast.com\/product\/yoast-seo-wordpress\/ -->\n<title>O n\u00e1s\u00a0 - Profilar<\/title>\n<meta name=\"robots\" content=\"index, follow, max-snippet:-1, max-image-preview:large, max-video-preview:-1\" \/>\n<link rel=\"canonical\" href=\"https:\/\/profilar.pl\/sk\/o-nas\/\" \/>\n<meta property=\"og:locale\" content=\"sk_SK\" \/>\n<meta property=\"og:type\" content=\"article\" \/>\n<meta property=\"og:title\" content=\"O n\u00e1s\u00a0 - Profilar\" \/>\n<meta property=\"og:url\" content=\"https:\/\/profilar.pl\/sk\/o-nas\/\" \/>\n<meta property=\"og:site_name\" content=\"Profilar\" \/>\n<meta property=\"article:publisher\" content=\"https:\/\/www.facebook.com\/PROFILAR.online\/\" \/>\n<meta property=\"article:modified_time\" content=\"2026-03-25T14:36:27+00:00\" \/>\n<meta name=\"twitter:card\" content=\"summary_large_image\" \/>\n<script type=\"application\/ld+json\" class=\"yoast-schema-graph\">{\"@context\":\"https:\\\/\\\/schema.org\",\"@graph\":[{\"@type\":\"WebPage\",\"@id\":\"https:\\\/\\\/profilar.pl\\\/sk\\\/o-nas\\\/\",\"url\":\"https:\\\/\\\/profilar.pl\\\/sk\\\/o-nas\\\/\",\"name\":\"O n\u00e1s\u00a0 - Profilar\",\"isPartOf\":{\"@id\":\"https:\\\/\\\/profilar.pl\\\/#website\"},\"datePublished\":\"2025-03-31T10:42:17+00:00\",\"dateModified\":\"2026-03-25T14:36:27+00:00\",\"breadcrumb\":{\"@id\":\"https:\\\/\\\/profilar.pl\\\/sk\\\/o-nas\\\/#breadcrumb\"},\"inLanguage\":\"sk-SK\",\"potentialAction\":[{\"@type\":\"ReadAction\",\"target\":[\"https:\\\/\\\/profilar.pl\\\/sk\\\/o-nas\\\/\"]}]},{\"@type\":\"BreadcrumbList\",\"@id\":\"https:\\\/\\\/profilar.pl\\\/sk\\\/o-nas\\\/#breadcrumb\",\"itemListElement\":[{\"@type\":\"ListItem\",\"position\":1,\"name\":\"Home\",\"item\":\"https:\\\/\\\/profilar.pl\\\/sk\\\/\"},{\"@type\":\"ListItem\",\"position\":2,\"name\":\"O n\u00e1s\u00a0\"}]},{\"@type\":\"WebSite\",\"@id\":\"https:\\\/\\\/profilar.pl\\\/#website\",\"url\":\"https:\\\/\\\/profilar.pl\\\/\",\"name\":\"Stalowe profile zimnogi\u0119te | Profilar\",\"description\":\"\",\"publisher\":{\"@id\":\"https:\\\/\\\/profilar.pl\\\/#organization\"},\"potentialAction\":[{\"@type\":\"SearchAction\",\"target\":{\"@type\":\"EntryPoint\",\"urlTemplate\":\"https:\\\/\\\/profilar.pl\\\/?s={search_term_string}\"},\"query-input\":{\"@type\":\"PropertyValueSpecification\",\"valueRequired\":true,\"valueName\":\"search_term_string\"}}],\"inLanguage\":\"sk-SK\"},{\"@type\":\"Organization\",\"@id\":\"https:\\\/\\\/profilar.pl\\\/#organization\",\"name\":\"Profilar\",\"url\":\"https:\\\/\\\/profilar.pl\\\/\",\"logo\":{\"@type\":\"ImageObject\",\"inLanguage\":\"sk-SK\",\"@id\":\"https:\\\/\\\/profilar.pl\\\/#\\\/schema\\\/logo\\\/image\\\/\",\"url\":\"https:\\\/\\\/profilar.pl\\\/wp-content\\\/uploads\\\/2025\\\/09\\\/Group-1.svg\",\"contentUrl\":\"https:\\\/\\\/profilar.pl\\\/wp-content\\\/uploads\\\/2025\\\/09\\\/Group-1.svg\",\"caption\":\"Profilar\"},\"image\":{\"@id\":\"https:\\\/\\\/profilar.pl\\\/#\\\/schema\\\/logo\\\/image\\\/\"},\"sameAs\":[\"https:\\\/\\\/www.facebook.com\\\/PROFILAR.online\\\/\",\"https:\\\/\\\/pl.linkedin.com\\\/company\\\/profilar\",\"https:\\\/\\\/www.instagram.com\\\/profilar.online\\\/\"]}]}<\/script>\n<!-- \/ Yoast SEO plugin. -->","yoast_head_json":{"title":"O n\u00e1s\u00a0 - Profilar","robots":{"index":"index","follow":"follow","max-snippet":"max-snippet:-1","max-image-preview":"max-image-preview:large","max-video-preview":"max-video-preview:-1"},"canonical":"https:\/\/profilar.pl\/sk\/o-nas\/","og_locale":"sk_SK","og_type":"article","og_title":"O n\u00e1s\u00a0 - Profilar","og_url":"https:\/\/profilar.pl\/sk\/o-nas\/","og_site_name":"Profilar","article_publisher":"https:\/\/www.facebook.com\/PROFILAR.online\/","article_modified_time":"2026-03-25T14:36:27+00:00","twitter_card":"summary_large_image","schema":{"@context":"https:\/\/schema.org","@graph":[{"@type":"WebPage","@id":"https:\/\/profilar.pl\/sk\/o-nas\/","url":"https:\/\/profilar.pl\/sk\/o-nas\/","name":"O n\u00e1s\u00a0 - Profilar","isPartOf":{"@id":"https:\/\/profilar.pl\/#website"},"datePublished":"2025-03-31T10:42:17+00:00","dateModified":"2026-03-25T14:36:27+00:00","breadcrumb":{"@id":"https:\/\/profilar.pl\/sk\/o-nas\/#breadcrumb"},"inLanguage":"sk-SK","potentialAction":[{"@type":"ReadAction","target":["https:\/\/profilar.pl\/sk\/o-nas\/"]}]},{"@type":"BreadcrumbList","@id":"https:\/\/profilar.pl\/sk\/o-nas\/#breadcrumb","itemListElement":[{"@type":"ListItem","position":1,"name":"Home","item":"https:\/\/profilar.pl\/sk\/"},{"@type":"ListItem","position":2,"name":"O n\u00e1s\u00a0"}]},{"@type":"WebSite","@id":"https:\/\/profilar.pl\/#website","url":"https:\/\/profilar.pl\/","name":"Stalowe profile zimnogi\u0119te | Profilar","description":"","publisher":{"@id":"https:\/\/profilar.pl\/#organization"},"potentialAction":[{"@type":"SearchAction","target":{"@type":"EntryPoint","urlTemplate":"https:\/\/profilar.pl\/?s={search_term_string}"},"query-input":{"@type":"PropertyValueSpecification","valueRequired":true,"valueName":"search_term_string"}}],"inLanguage":"sk-SK"},{"@type":"Organization","@id":"https:\/\/profilar.pl\/#organization","name":"Profilar","url":"https:\/\/profilar.pl\/","logo":{"@type":"ImageObject","inLanguage":"sk-SK","@id":"https:\/\/profilar.pl\/#\/schema\/logo\/image\/","url":"https:\/\/profilar.pl\/wp-content\/uploads\/2025\/09\/Group-1.svg","contentUrl":"https:\/\/profilar.pl\/wp-content\/uploads\/2025\/09\/Group-1.svg","caption":"Profilar"},"image":{"@id":"https:\/\/profilar.pl\/#\/schema\/logo\/image\/"},"sameAs":["https:\/\/www.facebook.com\/PROFILAR.online\/","https:\/\/pl.linkedin.com\/company\/profilar","https:\/\/www.instagram.com\/profilar.online\/"]}]}},"_links":{"self":[{"href":"https:\/\/profilar.pl\/sk\/wp-json\/wp\/v2\/pages\/1515","targetHints":{"allow":["GET"]}}],"collection":[{"href":"https:\/\/profilar.pl\/sk\/wp-json\/wp\/v2\/pages"}],"about":[{"href":"https:\/\/profilar.pl\/sk\/wp-json\/wp\/v2\/types\/page"}],"author":[{"embeddable":true,"href":"https:\/\/profilar.pl\/sk\/wp-json\/wp\/v2\/users\/1"}],"replies":[{"embeddable":true,"href":"https:\/\/profilar.pl\/sk\/wp-json\/wp\/v2\/comments?post=1515"}],"version-history":[{"count":2,"href":"https:\/\/profilar.pl\/sk\/wp-json\/wp\/v2\/pages\/1515\/revisions"}],"predecessor-version":[{"id":1713,"href":"https:\/\/profilar.pl\/sk\/wp-json\/wp\/v2\/pages\/1515\/revisions\/1713"}],"wp:attachment":[{"href":"https:\/\/profilar.pl\/sk\/wp-json\/wp\/v2\/media?parent=1515"}],"curies":[{"name":"wp","href":"https:\/\/api.w.org\/{rel}","templated":true}]}}