{"id":1531,"date":"2025-03-31T09:12:21","date_gmt":"2025-03-31T09:12:21","guid":{"rendered":"https:\/\/profilar.pl\/polityka-prywatnosci\/"},"modified":"2025-10-08T05:56:18","modified_gmt":"2025-10-08T05:56:18","slug":"datenschutzrichtlinie","status":"publish","type":"page","link":"https:\/\/profilar.pl\/de\/datenschutzrichtlinie\/","title":{"rendered":"Datenschutzrichtlinie"},"content":{"rendered":"\t\t<section id=\"\" class=\"page-header\" style=\"background-image:url('https:\/\/profilar.pl\/wp-content\/uploads\/2025\/03\/Rectangle-435.jpg')\">\n\t\t\t<h1>Datenschutzrichtlinie<\/h1>\n\t\t<\/section>\n\t\t<div class=\"container\">\n\t\t\t<div id=\"crumbs\"><a href=\"https:\/\/profilar.pl\/de\/\">Haupseite PROFILAR<\/a> <svg width=\"14\" height=\"13\" viewBox=\"0 0 14 13\" fill=\"none\" xmlns=\"http:\/\/www.w3.org\/2000\/svg\">\n<path d=\"M10.2571 7.30839L0.427553 7.30839L0.427553 5.69354L10.2565 5.69297L5.92535 1.36177L7.06739 0.219732L13.3486 6.50097L7.06739 12.7822L5.92534 11.6402L10.2571 7.30839Z\" fill=\"#536383\"\/>\n<\/svg>\n <span class=\"current\">Seite<\/span><\/div>\t\t<\/div>\n\t\t\n\n\t\t<section id=\"\" class=\"text\">\n\t\t\t<div class=\"container\">\n\t\t\t\t<h4>PROFILAR<\/h4>\n<h1>Datenschutzrichtlinie<\/h1>\n<p><strong>Datenschutzrichtlinie der Website<\/strong><\/p>\n<p><strong>1. Definitionen:<\/strong><\/p>\n<p>1.1. Administrator \u2013 Adamietz Gesellschaft mit beschr\u00e4nkter Haftung, mit Sitz in Strzelce Opolskie, Braci Prankel 1, 47-100 Strzelce Opolskie, eingetragen im Unternehmerregister des Landesgerichtsregisters unter der Nummer 0000100273, REGON: 532242263, NIP: 7561836633.<br \/>\n1.2. Personenbezogene Daten \u2013 Informationen \u00fcber eine identifizierte oder identifizierbare nat\u00fcrliche Person anhand eines oder mehrerer spezifischer Merkmale, die ihre physische, physiologische, genetische, psychische, wirtschaftliche, kulturelle oder soziale Identit\u00e4t bestimmen, einschlie\u00dflich der IP-Adresse des Ger\u00e4ts, eines Internetkennzeichens sowie Informationen, die durch Cookies oder \u00e4hnliche Technologien gesammelt werden.<br \/>\n1.3. Richtlinie \u2013 diese Datenschutzrichtlinie.<br \/>\n1.4. DSGVO \u2013 Verordnung (EU) 2016\/679 des Europ\u00e4ischen Parlaments und des Rates vom 27. April 2016 \u00fcber den Schutz nat\u00fcrlicher Personen bei der Verarbeitung personenbezogener Daten und \u00fcber den freien Datenverkehr sowie zur Aufhebung der Richtlinie 95\/46\/EG.<br \/>\n1.5. Website \u2013 die vom Administrator unter der Adresse www.adamietz.pl<br \/>\nbetriebene Website.<br \/>\n1.6. Nutzer \u2013 jede nat\u00fcrliche Person, die die Website besucht oder eine oder mehrere der in der Richtlinie beschriebenen Dienstleistungen oder Funktionen nutzt.<\/p>\n<p><strong>2. Verarbeitung personenbezogener Daten im Zusammenhang mit der Nutzung der Website<\/strong><\/p>\n<p>2.1. Im Zusammenhang mit der Nutzung der Website durch den Nutzer erhebt der Administrator Daten im Umfang, der f\u00fcr die Erbringung der einzelnen angebotenen Dienstleistungen erforderlich ist. Nachstehend sind die detaillierten Grunds\u00e4tze und Zwecke der Verarbeitung personenbezogener Daten beschrieben, die w\u00e4hrend der Nutzung der Website durch den Nutzer erhoben werden.<br \/>\n2.2. In Angelegenheiten im Zusammenhang mit der Verarbeitung personenbezogener Daten k\u00f6nnen Sie den Datenschutzbeauftragten kontaktieren: Kamil Durna\u015b<br \/>\nTel.: <a href=\"tel:+48791293232\">791-29-32-32<\/a><br \/>\nE-Mail: <a href=\"mailto:iod@adamietz.pl\">iod@adamietz.pl<br \/>\n<\/a><\/p>\n<p><strong>3. Zwecke und Rechtsgrundlagen der Verarbeitung personenbezogener Daten auf der Website<\/strong><\/p>\n<p>3.1. Personenbezogene Daten aller Nutzer der Website werden vom Administrator verarbeitet:<br \/>\na) zum Zweck der Erbringung elektronischer Dienstleistungen im Zusammenhang mit der Bereitstellung von Inhalten f\u00fcr die Nutzer der Website \u2013 die Rechtsgrundlage ist die Notwendigkeit der Verarbeitung zur Erf\u00fcllung eines Vertrags (Art. 6 Abs. 1 lit. b DSGVO);<br \/>\nb) zum Zweck der Geltendmachung oder Abwehr von Anspr\u00fcchen \u2013 die Rechtsgrundlage ist das berechtigte Interesse des Administrators (Art. 6 Abs. 1 lit. f DSGVO), das in der Wahrung seiner Rechte besteht;<br \/>\nc) um den Kontakt mit dem Administrator \u00fcber das Kontaktformular zu erm\u00f6glichen;<br \/>\nd) um die Bewerbung f\u00fcr eine Besch\u00e4ftigung beim Administrator im Rahmen eines bestimmten Rekrutierungsverfahrens zu erm\u00f6glichen.<\/p>\n<p><strong>4. Cookies<\/strong><\/p>\n<p>4.1. Der Administrator verwendet auf der Website Cookies. Die Zwecke und Grunds\u00e4tze der Verwendung von Cookies sind in der <a href=\"https:\/\/profilar.devoffteam.eu\/wp-content\/uploads\/2025\/09\/Polityka-cookies.pdf\" target=\"_blank\" rel=\"noopener\">Cookie-Richtlinie<\/a> beschrieben.<\/p>\n<p><strong>5. Dauer der Datenverarbeitung<\/strong><\/p>\n<p>5.1. Die Dauer der Verarbeitung personenbezogener Daten durch den Administrator h\u00e4ngt von der Art der erbrachten Dienstleistung und dem Zweck der Verarbeitung ab. Grunds\u00e4tzlich werden die Daten f\u00fcr die Dauer der Erbringung der Dienstleistung verarbeitet, bis die erteilte Einwilligung widerrufen oder wirksam Widerspruch gegen die Verarbeitung eingelegt wird, wenn die Rechtsgrundlage das berechtigte Interesse des Administrators ist.<br \/>\n5.2. Die Dauer der Verarbeitung kann verl\u00e4ngert werden, wenn die Verarbeitung zur Feststellung, Geltendmachung oder Verteidigung von Anspr\u00fcchen erforderlich ist, und danach nur in dem Umfang, in dem dies gesetzlich vorgeschrieben ist. Nach Ablauf der Verarbeitungsdauer werden die Daten unwiderruflich gel\u00f6scht.<\/p>\n<p><strong>6. Rechte des Nutzers<\/strong><\/p>\n<p>6.1. Der Nutzer hat das Recht auf Zugang zu seinen Daten sowie das Recht, deren Berichtigung, L\u00f6schung, Einschr\u00e4nkung der Verarbeitung, \u00dcbertragung der Daten zu verlangen, und das Recht, eine Beschwerde bei der Aufsichtsbeh\u00f6rde einzureichen.<br \/>\n6.2. Der Nutzer hat auch das Recht, aus Gr\u00fcnden, die sich aus seiner besonderen Situation ergeben, Widerspruch gegen die Verarbeitung der Daten einzulegen, wenn diese auf Grundlage des berechtigten Interesses des Administrators erfolgt.<\/p>\n<p><strong>7. Empf\u00e4nger personenbezogener Daten<\/strong><\/p>\n<p>7.1. Im Zusammenhang mit der Erbringung von Dienstleistungen werden personenbezogene Daten an externe Stellen weitergegeben, insbesondere an IT-Dienstleister, die die ordnungsgem\u00e4\u00dfe Nutzung der Website erm\u00f6glichen.<br \/>\n7.2. Mit Zustimmung des Nutzers k\u00f6nnen seine Daten auch anderen Stellen f\u00fcr deren eigene Zwecke, einschlie\u00dflich Marketingzwecke, zur Verf\u00fcgung gestellt werden.<br \/>\n7.3. Der Administrator beh\u00e4lt sich das Recht vor, ausgew\u00e4hlte Informationen \u00fcber den Nutzer den zust\u00e4ndigen Beh\u00f6rden oder Dritten offenzulegen, die die Herausgabe dieser Informationen auf einer entsprechenden gesetzlichen Grundlage verlangen.<\/p>\n<p><strong>8. \u00dcbermittlung personenbezogener Daten au\u00dferhalb des EWR<\/strong><\/p>\n<p>8.1. Ihre Daten k\u00f6nnen in den in der Cookie-Richtlinie beschriebenen F\u00e4llen au\u00dferhalb des EWR \u00fcbermittelt werden.<\/p>\n<p><strong>9. Sicherheit personenbezogener Daten<\/strong><\/p>\n<p>9.1. Der Administrator f\u00fchrt fortlaufend Risikoanalysen durch, um sicherzustellen, dass personenbezogene Daten auf sichere Weise verarbeitet werden \u2013 insbesondere, dass nur befugte Personen Zugriff auf die Daten haben und nur in dem Umfang, der f\u00fcr die Aus\u00fcbung ihrer Aufgaben erforderlich ist. Der Administrator sorgt daf\u00fcr, dass alle Vorg\u00e4nge in Bezug auf personenbezogene Daten aufgezeichnet und nur von autorisierten Mitarbeitern oder Partnern durchgef\u00fchrt werden.<br \/>\n9.2. Der Administrator ergreift alle erforderlichen Ma\u00dfnahmen, um sicherzustellen, dass auch seine Auftragnehmer und andere kooperierende Stellen geeignete Sicherheitsma\u00dfnahmen anwenden, wann immer sie personenbezogene Daten im Auftrag des Administrators verarbeiten.<\/p>\n<p><strong>10. \u00c4nderungen der Datenschutzrichtlinie<\/strong><\/p>\n<p>10.1. Die Richtlinie wird regelm\u00e4\u00dfig \u00fcberpr\u00fcft und bei Bedarf aktualisiert.<br \/>\n10.2. Die aktuelle Version der Richtlinie wurde angenommen und gilt ab dem 01.01.2023.<\/p>\n\t\t\t<\/div>\n\t\t<\/section>\n\t\t","protected":false},"excerpt":{"rendered":"","protected":false},"author":1,"featured_media":0,"parent":0,"menu_order":8,"comment_status":"closed","ping_status":"open","template":"","meta":{"_acf_changed":false,"footnotes":""},"class_list":["post-1531","page","type-page","status-publish","hentry"],"acf":[],"yoast_head":"<!-- This site is optimized with the Yoast SEO plugin v27.3 - https:\/\/yoast.com\/product\/yoast-seo-wordpress\/ -->\n<title>Datenschutzrichtlinie - Profilar<\/title>\n<meta name=\"robots\" content=\"index, follow, max-snippet:-1, max-image-preview:large, max-video-preview:-1\" \/>\n<link rel=\"canonical\" href=\"https:\/\/profilar.pl\/de\/datenschutzrichtlinie\/\" \/>\n<meta property=\"og:locale\" content=\"de_DE\" \/>\n<meta property=\"og:type\" content=\"article\" \/>\n<meta property=\"og:title\" content=\"Datenschutzrichtlinie - Profilar\" \/>\n<meta property=\"og:url\" content=\"https:\/\/profilar.pl\/de\/datenschutzrichtlinie\/\" \/>\n<meta property=\"og:site_name\" content=\"Profilar\" \/>\n<meta property=\"article:publisher\" content=\"https:\/\/www.facebook.com\/PROFILAR.online\/\" \/>\n<meta property=\"article:modified_time\" content=\"2025-10-08T05:56:18+00:00\" \/>\n<meta name=\"twitter:card\" content=\"summary_large_image\" \/>\n<script type=\"application\/ld+json\" class=\"yoast-schema-graph\">{\"@context\":\"https:\\\/\\\/schema.org\",\"@graph\":[{\"@type\":\"WebPage\",\"@id\":\"https:\\\/\\\/profilar.pl\\\/de\\\/datenschutzrichtlinie\\\/\",\"url\":\"https:\\\/\\\/profilar.pl\\\/de\\\/datenschutzrichtlinie\\\/\",\"name\":\"Datenschutzrichtlinie - Profilar\",\"isPartOf\":{\"@id\":\"https:\\\/\\\/profilar.pl\\\/#website\"},\"datePublished\":\"2025-03-31T09:12:21+00:00\",\"dateModified\":\"2025-10-08T05:56:18+00:00\",\"breadcrumb\":{\"@id\":\"https:\\\/\\\/profilar.pl\\\/de\\\/datenschutzrichtlinie\\\/#breadcrumb\"},\"inLanguage\":\"de\",\"potentialAction\":[{\"@type\":\"ReadAction\",\"target\":[\"https:\\\/\\\/profilar.pl\\\/de\\\/datenschutzrichtlinie\\\/\"]}]},{\"@type\":\"BreadcrumbList\",\"@id\":\"https:\\\/\\\/profilar.pl\\\/de\\\/datenschutzrichtlinie\\\/#breadcrumb\",\"itemListElement\":[{\"@type\":\"ListItem\",\"position\":1,\"name\":\"Home\",\"item\":\"https:\\\/\\\/profilar.pl\\\/de\\\/\"},{\"@type\":\"ListItem\",\"position\":2,\"name\":\"Datenschutzrichtlinie\"}]},{\"@type\":\"WebSite\",\"@id\":\"https:\\\/\\\/profilar.pl\\\/#website\",\"url\":\"https:\\\/\\\/profilar.pl\\\/\",\"name\":\"Stalowe profile zimnogi\u0119te | Profilar\",\"description\":\"\",\"publisher\":{\"@id\":\"https:\\\/\\\/profilar.pl\\\/#organization\"},\"potentialAction\":[{\"@type\":\"SearchAction\",\"target\":{\"@type\":\"EntryPoint\",\"urlTemplate\":\"https:\\\/\\\/profilar.pl\\\/?s={search_term_string}\"},\"query-input\":{\"@type\":\"PropertyValueSpecification\",\"valueRequired\":true,\"valueName\":\"search_term_string\"}}],\"inLanguage\":\"de\"},{\"@type\":\"Organization\",\"@id\":\"https:\\\/\\\/profilar.pl\\\/#organization\",\"name\":\"Profilar\",\"url\":\"https:\\\/\\\/profilar.pl\\\/\",\"logo\":{\"@type\":\"ImageObject\",\"inLanguage\":\"de\",\"@id\":\"https:\\\/\\\/profilar.pl\\\/#\\\/schema\\\/logo\\\/image\\\/\",\"url\":\"https:\\\/\\\/profilar.pl\\\/wp-content\\\/uploads\\\/2025\\\/09\\\/Group-1.svg\",\"contentUrl\":\"https:\\\/\\\/profilar.pl\\\/wp-content\\\/uploads\\\/2025\\\/09\\\/Group-1.svg\",\"caption\":\"Profilar\"},\"image\":{\"@id\":\"https:\\\/\\\/profilar.pl\\\/#\\\/schema\\\/logo\\\/image\\\/\"},\"sameAs\":[\"https:\\\/\\\/www.facebook.com\\\/PROFILAR.online\\\/\",\"https:\\\/\\\/pl.linkedin.com\\\/company\\\/profilar\",\"https:\\\/\\\/www.instagram.com\\\/profilar.online\\\/\"]}]}<\/script>\n<!-- \/ Yoast SEO plugin. -->","yoast_head_json":{"title":"Datenschutzrichtlinie - Profilar","robots":{"index":"index","follow":"follow","max-snippet":"max-snippet:-1","max-image-preview":"max-image-preview:large","max-video-preview":"max-video-preview:-1"},"canonical":"https:\/\/profilar.pl\/de\/datenschutzrichtlinie\/","og_locale":"de_DE","og_type":"article","og_title":"Datenschutzrichtlinie - Profilar","og_url":"https:\/\/profilar.pl\/de\/datenschutzrichtlinie\/","og_site_name":"Profilar","article_publisher":"https:\/\/www.facebook.com\/PROFILAR.online\/","article_modified_time":"2025-10-08T05:56:18+00:00","twitter_card":"summary_large_image","schema":{"@context":"https:\/\/schema.org","@graph":[{"@type":"WebPage","@id":"https:\/\/profilar.pl\/de\/datenschutzrichtlinie\/","url":"https:\/\/profilar.pl\/de\/datenschutzrichtlinie\/","name":"Datenschutzrichtlinie - Profilar","isPartOf":{"@id":"https:\/\/profilar.pl\/#website"},"datePublished":"2025-03-31T09:12:21+00:00","dateModified":"2025-10-08T05:56:18+00:00","breadcrumb":{"@id":"https:\/\/profilar.pl\/de\/datenschutzrichtlinie\/#breadcrumb"},"inLanguage":"de","potentialAction":[{"@type":"ReadAction","target":["https:\/\/profilar.pl\/de\/datenschutzrichtlinie\/"]}]},{"@type":"BreadcrumbList","@id":"https:\/\/profilar.pl\/de\/datenschutzrichtlinie\/#breadcrumb","itemListElement":[{"@type":"ListItem","position":1,"name":"Home","item":"https:\/\/profilar.pl\/de\/"},{"@type":"ListItem","position":2,"name":"Datenschutzrichtlinie"}]},{"@type":"WebSite","@id":"https:\/\/profilar.pl\/#website","url":"https:\/\/profilar.pl\/","name":"Stalowe profile zimnogi\u0119te | Profilar","description":"","publisher":{"@id":"https:\/\/profilar.pl\/#organization"},"potentialAction":[{"@type":"SearchAction","target":{"@type":"EntryPoint","urlTemplate":"https:\/\/profilar.pl\/?s={search_term_string}"},"query-input":{"@type":"PropertyValueSpecification","valueRequired":true,"valueName":"search_term_string"}}],"inLanguage":"de"},{"@type":"Organization","@id":"https:\/\/profilar.pl\/#organization","name":"Profilar","url":"https:\/\/profilar.pl\/","logo":{"@type":"ImageObject","inLanguage":"de","@id":"https:\/\/profilar.pl\/#\/schema\/logo\/image\/","url":"https:\/\/profilar.pl\/wp-content\/uploads\/2025\/09\/Group-1.svg","contentUrl":"https:\/\/profilar.pl\/wp-content\/uploads\/2025\/09\/Group-1.svg","caption":"Profilar"},"image":{"@id":"https:\/\/profilar.pl\/#\/schema\/logo\/image\/"},"sameAs":["https:\/\/www.facebook.com\/PROFILAR.online\/","https:\/\/pl.linkedin.com\/company\/profilar","https:\/\/www.instagram.com\/profilar.online\/"]}]}},"_links":{"self":[{"href":"https:\/\/profilar.pl\/de\/wp-json\/wp\/v2\/pages\/1531","targetHints":{"allow":["GET"]}}],"collection":[{"href":"https:\/\/profilar.pl\/de\/wp-json\/wp\/v2\/pages"}],"about":[{"href":"https:\/\/profilar.pl\/de\/wp-json\/wp\/v2\/types\/page"}],"author":[{"embeddable":true,"href":"https:\/\/profilar.pl\/de\/wp-json\/wp\/v2\/users\/1"}],"replies":[{"embeddable":true,"href":"https:\/\/profilar.pl\/de\/wp-json\/wp\/v2\/comments?post=1531"}],"version-history":[{"count":1,"href":"https:\/\/profilar.pl\/de\/wp-json\/wp\/v2\/pages\/1531\/revisions"}],"predecessor-version":[{"id":1563,"href":"https:\/\/profilar.pl\/de\/wp-json\/wp\/v2\/pages\/1531\/revisions\/1563"}],"wp:attachment":[{"href":"https:\/\/profilar.pl\/de\/wp-json\/wp\/v2\/media?parent=1531"}],"curies":[{"name":"wp","href":"https:\/\/api.w.org\/{rel}","templated":true}]}}