{"id":1514,"date":"2025-03-31T10:42:17","date_gmt":"2025-03-31T10:42:17","guid":{"rendered":"https:\/\/profilar.pl\/o-nas\/"},"modified":"2025-10-08T06:00:16","modified_gmt":"2025-10-08T06:00:16","slug":"ueber-uns","status":"publish","type":"page","link":"https:\/\/profilar.pl\/de\/ueber-uns\/","title":{"rendered":"\u00dcber uns\u00a0"},"content":{"rendered":"\t\t<section id=\"\" class=\"page-header\" style=\"background-image:url('https:\/\/profilar.pl\/wp-content\/uploads\/2025\/04\/onas.jpg')\">\n\t\t\t<h1>\u00dcber uns\u00a0<\/h1>\n\t\t<\/section>\n\t\t<div class=\"container\">\n\t\t\t<div id=\"crumbs\"><a href=\"https:\/\/profilar.pl\/de\/\">Haupseite PROFILAR<\/a> <svg width=\"14\" height=\"13\" viewBox=\"0 0 14 13\" fill=\"none\" xmlns=\"http:\/\/www.w3.org\/2000\/svg\">\n<path d=\"M10.2571 7.30839L0.427553 7.30839L0.427553 5.69354L10.2565 5.69297L5.92535 1.36177L7.06739 0.219732L13.3486 6.50097L7.06739 12.7822L5.92534 11.6402L10.2571 7.30839Z\" fill=\"#536383\"\/>\n<\/svg>\n <span class=\"current\">Seite<\/span><\/div>\t\t<\/div>\n\t\t\n\n\t\t<section id=\"\" class=\"text-photo\">\n\t\t\t<div class=\"container\">\n\t\t\t\t<div class=\"text-photo__wrapper\">\n\t\t\t\t\t\n\t\t\t\t\t<div class=\"description\">\n\t\t\t\t\t\t\t\t\t\t\t\t\t<h4>PROFILAR <\/h4>\n\t\t\t\t\t\t\t\t\t\t\t\t\t\t\t\t\t\t\t<h2>Unser Profil, Ihr Erfolg. <\/h2>\n\t\t\t\t\t\t\t\t\t\t\t\t\t\t\t\t\t\t\t<p>PROFILAR bietet Ihnen eine ma\u00dfgeschneiderte Produktion von Stahl- und Aluminiumprofilen f\u00fcr den Handel, die Industrie und den Bau, abgestimmt auf Ihre individuellen Bed\u00fcrfnisse.<\/p>\n<p>Dank der Erfahrung, die wir \u00fcber 25 Jahre gesammelt haben, arbeiten wir heute mit f\u00fchrenden Generalunternehmern von Gro\u00dfprojekten in Polen und Europa zusammen und realisieren j\u00e4hrlich \u00fcber 150 Projekte. Diese Erfahrung setzen wir in unserer t\u00e4glichen Arbeit um, indem wir eine langj\u00e4hrige Kooperation mit unseren bisherigen Partnern pflegen, eine individuelle Kundenbetreuung bieten und Produktionsprozesse auf die Bed\u00fcrfnisse unserer Kunden abstimmen.<\/p>\n<p>Gemeinsam mit unseren Kunden entwickeln wir eigene Bauteill\u00f6sungen sowie innovative Planungssysteme. Die Entwicklung unserer Kunden bedeutet Entwicklung f\u00fcr uns. Unsere Entwicklung tr\u00e4gt wiederum zur Entwicklung unserer Kunden bei. Dank der Anregungen unserer Gesch\u00e4ftspartner entstehen immer wieder neue Perspektiven und Ideen. Ihre Umsetzung gelingt dank der Zusammenarbeit des gesamten PROFILAR-Teams. Unser Ziel ist es, ideale L\u00f6sungen f\u00fcr unsere Kunden zu finden.<\/p>\n\t\t\t\t\t\t\t\t\t\t\t<\/div>\n\t\t\t\t\t<div class=\"photo\">\n\t\t\t\t\t\t\t\t\t\t\t\t\t<img decoding=\"async\" src=\"https:\/\/profilar.pl\/wp-content\/uploads\/2025\/08\/siedziba-profilar.webp\" alt=\"Unser Profil, Ihr Erfolg. \">\n\t\t\t\t\t\t\t\t\t\t\t<\/div>\n\t\t\t\t<\/div>\n\t\t\t<\/div>\n\t\t<\/section>\n\t\t\n\n\t\t<section id=\"\" class=\"cooperation\">\n\t\t\t<div class=\"container\">\n\t\t\t\t<div class=\"cooperation__wrapper\">\n\t\t\t\t\t<div>\n\t\t\t\t\t\t\t\t\t\t\t\t\t<h2>Wir laden Sie ein, mit uns zusammenzuarbeiten! <\/h2>\n\t\t\t\t\t\t\t\t\t\t\t\t\t\t\t\t\t\t\t<p>Es gibt keine Projekte ohne Herausforderungen. Unsere Herausforderungen sind die Projekte unserer Kunden. Eine zust\u00e4ndige Kontaktperson steht Ihnen jederzeit zur Verf\u00fcgung und begleitet Sie von der ersten Idee bis zum Abschluss des Projekts.<\/p>\n\t\t\t\t\t\t\t\t\t\t\t<\/div>\n\t\t\t\t<\/div>\n\t\t\t<\/div>\n\t\t<\/section>\n\t\t","protected":false},"excerpt":{"rendered":"","protected":false},"author":1,"featured_media":0,"parent":0,"menu_order":6,"comment_status":"closed","ping_status":"closed","template":"","meta":{"_acf_changed":false,"footnotes":""},"class_list":["post-1514","page","type-page","status-publish","hentry"],"acf":[],"yoast_head":"<!-- This site is optimized with the Yoast SEO plugin v27.3 - https:\/\/yoast.com\/product\/yoast-seo-wordpress\/ -->\n<title>\u00dcber uns\u00a0 - Profilar<\/title>\n<meta name=\"robots\" content=\"index, follow, max-snippet:-1, max-image-preview:large, max-video-preview:-1\" \/>\n<link rel=\"canonical\" href=\"https:\/\/profilar.pl\/de\/ueber-uns\/\" \/>\n<meta property=\"og:locale\" content=\"de_DE\" \/>\n<meta property=\"og:type\" content=\"article\" \/>\n<meta property=\"og:title\" content=\"\u00dcber uns\u00a0 - Profilar\" \/>\n<meta property=\"og:url\" content=\"https:\/\/profilar.pl\/de\/ueber-uns\/\" \/>\n<meta property=\"og:site_name\" content=\"Profilar\" \/>\n<meta property=\"article:publisher\" content=\"https:\/\/www.facebook.com\/PROFILAR.online\/\" \/>\n<meta property=\"article:modified_time\" content=\"2025-10-08T06:00:16+00:00\" \/>\n<meta name=\"twitter:card\" content=\"summary_large_image\" \/>\n<script type=\"application\/ld+json\" class=\"yoast-schema-graph\">{\"@context\":\"https:\\\/\\\/schema.org\",\"@graph\":[{\"@type\":\"WebPage\",\"@id\":\"https:\\\/\\\/profilar.pl\\\/de\\\/ueber-uns\\\/\",\"url\":\"https:\\\/\\\/profilar.pl\\\/de\\\/ueber-uns\\\/\",\"name\":\"\u00dcber uns\u00a0 - Profilar\",\"isPartOf\":{\"@id\":\"https:\\\/\\\/profilar.pl\\\/#website\"},\"datePublished\":\"2025-03-31T10:42:17+00:00\",\"dateModified\":\"2025-10-08T06:00:16+00:00\",\"breadcrumb\":{\"@id\":\"https:\\\/\\\/profilar.pl\\\/de\\\/ueber-uns\\\/#breadcrumb\"},\"inLanguage\":\"de\",\"potentialAction\":[{\"@type\":\"ReadAction\",\"target\":[\"https:\\\/\\\/profilar.pl\\\/de\\\/ueber-uns\\\/\"]}]},{\"@type\":\"BreadcrumbList\",\"@id\":\"https:\\\/\\\/profilar.pl\\\/de\\\/ueber-uns\\\/#breadcrumb\",\"itemListElement\":[{\"@type\":\"ListItem\",\"position\":1,\"name\":\"Home\",\"item\":\"https:\\\/\\\/profilar.pl\\\/de\\\/\"},{\"@type\":\"ListItem\",\"position\":2,\"name\":\"\u00dcber uns\u00a0\"}]},{\"@type\":\"WebSite\",\"@id\":\"https:\\\/\\\/profilar.pl\\\/#website\",\"url\":\"https:\\\/\\\/profilar.pl\\\/\",\"name\":\"Stalowe profile zimnogi\u0119te | Profilar\",\"description\":\"\",\"publisher\":{\"@id\":\"https:\\\/\\\/profilar.pl\\\/#organization\"},\"potentialAction\":[{\"@type\":\"SearchAction\",\"target\":{\"@type\":\"EntryPoint\",\"urlTemplate\":\"https:\\\/\\\/profilar.pl\\\/?s={search_term_string}\"},\"query-input\":{\"@type\":\"PropertyValueSpecification\",\"valueRequired\":true,\"valueName\":\"search_term_string\"}}],\"inLanguage\":\"de\"},{\"@type\":\"Organization\",\"@id\":\"https:\\\/\\\/profilar.pl\\\/#organization\",\"name\":\"Profilar\",\"url\":\"https:\\\/\\\/profilar.pl\\\/\",\"logo\":{\"@type\":\"ImageObject\",\"inLanguage\":\"de\",\"@id\":\"https:\\\/\\\/profilar.pl\\\/#\\\/schema\\\/logo\\\/image\\\/\",\"url\":\"https:\\\/\\\/profilar.pl\\\/wp-content\\\/uploads\\\/2025\\\/09\\\/Group-1.svg\",\"contentUrl\":\"https:\\\/\\\/profilar.pl\\\/wp-content\\\/uploads\\\/2025\\\/09\\\/Group-1.svg\",\"caption\":\"Profilar\"},\"image\":{\"@id\":\"https:\\\/\\\/profilar.pl\\\/#\\\/schema\\\/logo\\\/image\\\/\"},\"sameAs\":[\"https:\\\/\\\/www.facebook.com\\\/PROFILAR.online\\\/\",\"https:\\\/\\\/pl.linkedin.com\\\/company\\\/profilar\",\"https:\\\/\\\/www.instagram.com\\\/profilar.online\\\/\"]}]}<\/script>\n<!-- \/ Yoast SEO plugin. -->","yoast_head_json":{"title":"\u00dcber uns\u00a0 - Profilar","robots":{"index":"index","follow":"follow","max-snippet":"max-snippet:-1","max-image-preview":"max-image-preview:large","max-video-preview":"max-video-preview:-1"},"canonical":"https:\/\/profilar.pl\/de\/ueber-uns\/","og_locale":"de_DE","og_type":"article","og_title":"\u00dcber uns\u00a0 - Profilar","og_url":"https:\/\/profilar.pl\/de\/ueber-uns\/","og_site_name":"Profilar","article_publisher":"https:\/\/www.facebook.com\/PROFILAR.online\/","article_modified_time":"2025-10-08T06:00:16+00:00","twitter_card":"summary_large_image","schema":{"@context":"https:\/\/schema.org","@graph":[{"@type":"WebPage","@id":"https:\/\/profilar.pl\/de\/ueber-uns\/","url":"https:\/\/profilar.pl\/de\/ueber-uns\/","name":"\u00dcber uns\u00a0 - Profilar","isPartOf":{"@id":"https:\/\/profilar.pl\/#website"},"datePublished":"2025-03-31T10:42:17+00:00","dateModified":"2025-10-08T06:00:16+00:00","breadcrumb":{"@id":"https:\/\/profilar.pl\/de\/ueber-uns\/#breadcrumb"},"inLanguage":"de","potentialAction":[{"@type":"ReadAction","target":["https:\/\/profilar.pl\/de\/ueber-uns\/"]}]},{"@type":"BreadcrumbList","@id":"https:\/\/profilar.pl\/de\/ueber-uns\/#breadcrumb","itemListElement":[{"@type":"ListItem","position":1,"name":"Home","item":"https:\/\/profilar.pl\/de\/"},{"@type":"ListItem","position":2,"name":"\u00dcber uns\u00a0"}]},{"@type":"WebSite","@id":"https:\/\/profilar.pl\/#website","url":"https:\/\/profilar.pl\/","name":"Stalowe profile zimnogi\u0119te | Profilar","description":"","publisher":{"@id":"https:\/\/profilar.pl\/#organization"},"potentialAction":[{"@type":"SearchAction","target":{"@type":"EntryPoint","urlTemplate":"https:\/\/profilar.pl\/?s={search_term_string}"},"query-input":{"@type":"PropertyValueSpecification","valueRequired":true,"valueName":"search_term_string"}}],"inLanguage":"de"},{"@type":"Organization","@id":"https:\/\/profilar.pl\/#organization","name":"Profilar","url":"https:\/\/profilar.pl\/","logo":{"@type":"ImageObject","inLanguage":"de","@id":"https:\/\/profilar.pl\/#\/schema\/logo\/image\/","url":"https:\/\/profilar.pl\/wp-content\/uploads\/2025\/09\/Group-1.svg","contentUrl":"https:\/\/profilar.pl\/wp-content\/uploads\/2025\/09\/Group-1.svg","caption":"Profilar"},"image":{"@id":"https:\/\/profilar.pl\/#\/schema\/logo\/image\/"},"sameAs":["https:\/\/www.facebook.com\/PROFILAR.online\/","https:\/\/pl.linkedin.com\/company\/profilar","https:\/\/www.instagram.com\/profilar.online\/"]}]}},"_links":{"self":[{"href":"https:\/\/profilar.pl\/de\/wp-json\/wp\/v2\/pages\/1514","targetHints":{"allow":["GET"]}}],"collection":[{"href":"https:\/\/profilar.pl\/de\/wp-json\/wp\/v2\/pages"}],"about":[{"href":"https:\/\/profilar.pl\/de\/wp-json\/wp\/v2\/types\/page"}],"author":[{"embeddable":true,"href":"https:\/\/profilar.pl\/de\/wp-json\/wp\/v2\/users\/1"}],"replies":[{"embeddable":true,"href":"https:\/\/profilar.pl\/de\/wp-json\/wp\/v2\/comments?post=1514"}],"version-history":[{"count":1,"href":"https:\/\/profilar.pl\/de\/wp-json\/wp\/v2\/pages\/1514\/revisions"}],"predecessor-version":[{"id":1566,"href":"https:\/\/profilar.pl\/de\/wp-json\/wp\/v2\/pages\/1514\/revisions\/1566"}],"wp:attachment":[{"href":"https:\/\/profilar.pl\/de\/wp-json\/wp\/v2\/media?parent=1514"}],"curies":[{"name":"wp","href":"https:\/\/api.w.org\/{rel}","templated":true}]}}