{"id":1506,"date":"2025-09-29T13:54:08","date_gmt":"2025-09-29T13:54:08","guid":{"rendered":"https:\/\/profilar.pl\/bendit\/"},"modified":"2025-10-08T05:59:28","modified_gmt":"2025-10-08T05:59:28","slug":"bendit","status":"publish","type":"page","link":"https:\/\/profilar.pl\/de\/bendit\/","title":{"rendered":"BendIT"},"content":{"rendered":"\t\t<section id=\"\" class=\"page-header\" style=\"background-image:url('https:\/\/profilar.pl\/wp-content\/uploads\/2025\/09\/bnerbendit.png')\">\n\t\t\t<h1>BendIT<\/h1>\n\t\t<\/section>\n\t\t<div class=\"container\">\n\t\t\t<div id=\"crumbs\"><a href=\"https:\/\/profilar.pl\/de\/\">Haupseite PROFILAR<\/a> <svg width=\"14\" height=\"13\" viewBox=\"0 0 14 13\" fill=\"none\" xmlns=\"http:\/\/www.w3.org\/2000\/svg\">\n<path d=\"M10.2571 7.30839L0.427553 7.30839L0.427553 5.69354L10.2565 5.69297L5.92535 1.36177L7.06739 0.219732L13.3486 6.50097L7.06739 12.7822L5.92534 11.6402L10.2571 7.30839Z\" fill=\"#536383\"\/>\n<\/svg>\n <span class=\"current\">Seite<\/span><\/div>\t\t<\/div>\n\t\t\n\n\t\t<section id=\"\" class=\"text-photo\">\n\t\t\t<div class=\"container\">\n\t\t\t\t<div class=\"text-photo__wrapper\">\n\t\t\t\t\t\n\t\t\t\t\t<div class=\"description\">\n\t\t\t\t\t\t\t\t\t\t\t\t\t<h4>BendIT<\/h4>\n\t\t\t\t\t\t\t\t\t\t\t\t\t\t\t\t\t\t\t<h2>Immer griffbereit <\/h2>\n\t\t\t\t\t\t\t\t\t\t\t\t\t\t\t\t\t\t\t<p>Bald entsteht hier eine hochmoderne Plattform, die es Ihnen erm\u00f6glichen wird, Bestellungen bei PROFILAR auf \u00e4u\u00dferst einfache und schnelle Weise aufzugeben. Online.24\/7. Egal, ob Sie zu Hause, im B\u00fcro oder auf der Baustelle sind. Hier k\u00f6nnen Sie<\/p>\n\t\t\t\t\t\t\t\t\t\t\t<\/div>\n\t\t\t\t\t<div class=\"photo\">\n\t\t\t\t\t\t\t\t\t\t\t\t\t<img decoding=\"async\" src=\"https:\/\/profilar.pl\/wp-content\/uploads\/2025\/09\/bendit.png\" alt=\"Immer griffbereit \">\n\t\t\t\t\t\t\t\t\t\t\t<\/div>\n\t\t\t\t<\/div>\n\t\t\t<\/div>\n\t\t<\/section>\n\t\t","protected":false},"excerpt":{"rendered":"","protected":false},"author":2,"featured_media":0,"parent":0,"menu_order":6,"comment_status":"closed","ping_status":"closed","template":"","meta":{"_acf_changed":false,"footnotes":""},"class_list":["post-1506","page","type-page","status-publish","hentry"],"acf":[],"yoast_head":"<!-- This site is optimized with the Yoast SEO plugin v27.3 - https:\/\/yoast.com\/product\/yoast-seo-wordpress\/ -->\n<title>BendIT - Profilar<\/title>\n<meta name=\"robots\" content=\"index, follow, max-snippet:-1, max-image-preview:large, max-video-preview:-1\" \/>\n<link rel=\"canonical\" href=\"https:\/\/profilar.pl\/de\/bendit\/\" \/>\n<meta property=\"og:locale\" content=\"de_DE\" \/>\n<meta property=\"og:type\" content=\"article\" \/>\n<meta property=\"og:title\" content=\"BendIT - Profilar\" \/>\n<meta property=\"og:url\" content=\"https:\/\/profilar.pl\/de\/bendit\/\" \/>\n<meta property=\"og:site_name\" content=\"Profilar\" \/>\n<meta property=\"article:publisher\" content=\"https:\/\/www.facebook.com\/PROFILAR.online\/\" \/>\n<meta property=\"article:modified_time\" content=\"2025-10-08T05:59:28+00:00\" \/>\n<meta name=\"twitter:card\" content=\"summary_large_image\" \/>\n<script type=\"application\/ld+json\" class=\"yoast-schema-graph\">{\"@context\":\"https:\\\/\\\/schema.org\",\"@graph\":[{\"@type\":\"WebPage\",\"@id\":\"https:\\\/\\\/profilar.pl\\\/de\\\/bendit\\\/\",\"url\":\"https:\\\/\\\/profilar.pl\\\/de\\\/bendit\\\/\",\"name\":\"BendIT - Profilar\",\"isPartOf\":{\"@id\":\"https:\\\/\\\/profilar.pl\\\/#website\"},\"datePublished\":\"2025-09-29T13:54:08+00:00\",\"dateModified\":\"2025-10-08T05:59:28+00:00\",\"breadcrumb\":{\"@id\":\"https:\\\/\\\/profilar.pl\\\/de\\\/bendit\\\/#breadcrumb\"},\"inLanguage\":\"de\",\"potentialAction\":[{\"@type\":\"ReadAction\",\"target\":[\"https:\\\/\\\/profilar.pl\\\/de\\\/bendit\\\/\"]}]},{\"@type\":\"BreadcrumbList\",\"@id\":\"https:\\\/\\\/profilar.pl\\\/de\\\/bendit\\\/#breadcrumb\",\"itemListElement\":[{\"@type\":\"ListItem\",\"position\":1,\"name\":\"Home\",\"item\":\"https:\\\/\\\/profilar.pl\\\/de\\\/\"},{\"@type\":\"ListItem\",\"position\":2,\"name\":\"BendIT\"}]},{\"@type\":\"WebSite\",\"@id\":\"https:\\\/\\\/profilar.pl\\\/#website\",\"url\":\"https:\\\/\\\/profilar.pl\\\/\",\"name\":\"Stalowe profile zimnogi\u0119te | Profilar\",\"description\":\"\",\"publisher\":{\"@id\":\"https:\\\/\\\/profilar.pl\\\/#organization\"},\"potentialAction\":[{\"@type\":\"SearchAction\",\"target\":{\"@type\":\"EntryPoint\",\"urlTemplate\":\"https:\\\/\\\/profilar.pl\\\/?s={search_term_string}\"},\"query-input\":{\"@type\":\"PropertyValueSpecification\",\"valueRequired\":true,\"valueName\":\"search_term_string\"}}],\"inLanguage\":\"de\"},{\"@type\":\"Organization\",\"@id\":\"https:\\\/\\\/profilar.pl\\\/#organization\",\"name\":\"Profilar\",\"url\":\"https:\\\/\\\/profilar.pl\\\/\",\"logo\":{\"@type\":\"ImageObject\",\"inLanguage\":\"de\",\"@id\":\"https:\\\/\\\/profilar.pl\\\/#\\\/schema\\\/logo\\\/image\\\/\",\"url\":\"https:\\\/\\\/profilar.pl\\\/wp-content\\\/uploads\\\/2025\\\/09\\\/Group-1.svg\",\"contentUrl\":\"https:\\\/\\\/profilar.pl\\\/wp-content\\\/uploads\\\/2025\\\/09\\\/Group-1.svg\",\"caption\":\"Profilar\"},\"image\":{\"@id\":\"https:\\\/\\\/profilar.pl\\\/#\\\/schema\\\/logo\\\/image\\\/\"},\"sameAs\":[\"https:\\\/\\\/www.facebook.com\\\/PROFILAR.online\\\/\",\"https:\\\/\\\/pl.linkedin.com\\\/company\\\/profilar\",\"https:\\\/\\\/www.instagram.com\\\/profilar.online\\\/\"]}]}<\/script>\n<!-- \/ Yoast SEO plugin. -->","yoast_head_json":{"title":"BendIT - Profilar","robots":{"index":"index","follow":"follow","max-snippet":"max-snippet:-1","max-image-preview":"max-image-preview:large","max-video-preview":"max-video-preview:-1"},"canonical":"https:\/\/profilar.pl\/de\/bendit\/","og_locale":"de_DE","og_type":"article","og_title":"BendIT - Profilar","og_url":"https:\/\/profilar.pl\/de\/bendit\/","og_site_name":"Profilar","article_publisher":"https:\/\/www.facebook.com\/PROFILAR.online\/","article_modified_time":"2025-10-08T05:59:28+00:00","twitter_card":"summary_large_image","schema":{"@context":"https:\/\/schema.org","@graph":[{"@type":"WebPage","@id":"https:\/\/profilar.pl\/de\/bendit\/","url":"https:\/\/profilar.pl\/de\/bendit\/","name":"BendIT - Profilar","isPartOf":{"@id":"https:\/\/profilar.pl\/#website"},"datePublished":"2025-09-29T13:54:08+00:00","dateModified":"2025-10-08T05:59:28+00:00","breadcrumb":{"@id":"https:\/\/profilar.pl\/de\/bendit\/#breadcrumb"},"inLanguage":"de","potentialAction":[{"@type":"ReadAction","target":["https:\/\/profilar.pl\/de\/bendit\/"]}]},{"@type":"BreadcrumbList","@id":"https:\/\/profilar.pl\/de\/bendit\/#breadcrumb","itemListElement":[{"@type":"ListItem","position":1,"name":"Home","item":"https:\/\/profilar.pl\/de\/"},{"@type":"ListItem","position":2,"name":"BendIT"}]},{"@type":"WebSite","@id":"https:\/\/profilar.pl\/#website","url":"https:\/\/profilar.pl\/","name":"Stalowe profile zimnogi\u0119te | Profilar","description":"","publisher":{"@id":"https:\/\/profilar.pl\/#organization"},"potentialAction":[{"@type":"SearchAction","target":{"@type":"EntryPoint","urlTemplate":"https:\/\/profilar.pl\/?s={search_term_string}"},"query-input":{"@type":"PropertyValueSpecification","valueRequired":true,"valueName":"search_term_string"}}],"inLanguage":"de"},{"@type":"Organization","@id":"https:\/\/profilar.pl\/#organization","name":"Profilar","url":"https:\/\/profilar.pl\/","logo":{"@type":"ImageObject","inLanguage":"de","@id":"https:\/\/profilar.pl\/#\/schema\/logo\/image\/","url":"https:\/\/profilar.pl\/wp-content\/uploads\/2025\/09\/Group-1.svg","contentUrl":"https:\/\/profilar.pl\/wp-content\/uploads\/2025\/09\/Group-1.svg","caption":"Profilar"},"image":{"@id":"https:\/\/profilar.pl\/#\/schema\/logo\/image\/"},"sameAs":["https:\/\/www.facebook.com\/PROFILAR.online\/","https:\/\/pl.linkedin.com\/company\/profilar","https:\/\/www.instagram.com\/profilar.online\/"]}]}},"_links":{"self":[{"href":"https:\/\/profilar.pl\/de\/wp-json\/wp\/v2\/pages\/1506","targetHints":{"allow":["GET"]}}],"collection":[{"href":"https:\/\/profilar.pl\/de\/wp-json\/wp\/v2\/pages"}],"about":[{"href":"https:\/\/profilar.pl\/de\/wp-json\/wp\/v2\/types\/page"}],"author":[{"embeddable":true,"href":"https:\/\/profilar.pl\/de\/wp-json\/wp\/v2\/users\/2"}],"replies":[{"embeddable":true,"href":"https:\/\/profilar.pl\/de\/wp-json\/wp\/v2\/comments?post=1506"}],"version-history":[{"count":1,"href":"https:\/\/profilar.pl\/de\/wp-json\/wp\/v2\/pages\/1506\/revisions"}],"predecessor-version":[{"id":1565,"href":"https:\/\/profilar.pl\/de\/wp-json\/wp\/v2\/pages\/1506\/revisions\/1565"}],"wp:attachment":[{"href":"https:\/\/profilar.pl\/de\/wp-json\/wp\/v2\/media?parent=1506"}],"curies":[{"name":"wp","href":"https:\/\/api.w.org\/{rel}","templated":true}]}}