{"id":1529,"date":"2025-03-31T09:12:21","date_gmt":"2025-03-31T09:12:21","guid":{"rendered":"https:\/\/profilar.pl\/polityka-prywatnosci\/"},"modified":"2025-10-08T06:28:23","modified_gmt":"2025-10-08T06:28:23","slug":"zasady-ochrany-osobnich-udaju","status":"publish","type":"page","link":"https:\/\/profilar.pl\/cs\/zasady-ochrany-osobnich-udaju\/","title":{"rendered":"Z\u00e1sady ochrany\u00a0osobn\u00edch\u00a0\u00fadaj\u016f"},"content":{"rendered":"\t\t<section id=\"\" class=\"page-header\" style=\"background-image:url('https:\/\/profilar.pl\/wp-content\/uploads\/2025\/03\/Rectangle-435.jpg')\">\n\t\t\t<h1>Z\u00e1sady ochrany\u00a0osobn\u00edch\u00a0\u00fadaj\u016f<\/h1>\n\t\t<\/section>\n\t\t<div class=\"container\">\n\t\t\t<div id=\"crumbs\"><a href=\"https:\/\/profilar.pl\/cs\/\">Domovsk\u00e1 str\u00e1nka PROFILAR<\/a> <svg width=\"14\" height=\"13\" viewBox=\"0 0 14 13\" fill=\"none\" xmlns=\"http:\/\/www.w3.org\/2000\/svg\">\n<path d=\"M10.2571 7.30839L0.427553 7.30839L0.427553 5.69354L10.2565 5.69297L5.92535 1.36177L7.06739 0.219732L13.3486 6.50097L7.06739 12.7822L5.92534 11.6402L10.2571 7.30839Z\" fill=\"#536383\"\/>\n<\/svg>\n <span class=\"current\">Str\u00e1nka<\/span><\/div>\t\t<\/div>\n\t\t\n\n\t\t<section id=\"\" class=\"text\">\n\t\t\t<div class=\"container\">\n\t\t\t\t<h4>PROFILAR<\/h4>\n<h1>Polityka prywatno\u015bci<\/h1>\n<p><strong>Polityka prywatno\u015bci Serwisu internetowego<\/strong><\/p>\n<p><strong>1. Definicje:\u2028<\/strong><\/p>\n<p>1.1. Administrator \u2013 Adamietz sp\u00f3\u0142ka z ograniczon\u0105 odpowiedzialno\u015bci\u0105, z siedzib\u0105 w Strzelcach Opolskich przy ulicy Braci Prankel 1, 47-100 Strzelce Opolskie, o numerze REGON: 532242263, NIP: 7561836633, wpisana do rejestru przedsi\u0119biorc\u00f3w Krajowego Rejestru S\u0105dowego pod numerem 0000100273.<br \/>\n1.2. Dane osobowe \u2013 informacje o osobie fizycznej zidentyfikowanej lub mo\u017cliwej do zidentyfikowania poprzez jeden b\u0105d\u017a kilka szczeg\u00f3lnych czynnik\u00f3w okre\u015blaj\u0105cych fizyczn\u0105, fizjologiczn\u0105, genetyczn\u0105, psychiczn\u0105, ekonomiczn\u0105, kulturow\u0105 lub spo\u0142eczn\u0105 to\u017csamo\u015b\u0107, w tym IP urz\u0105dzenia, identyfikator internetowy oraz informacje gromadzone za po\u015brednictwem plik\u00f3w cookie oraz innej podobnej technologii.<br \/>\n1.3. Polityka \u2013 niniejsza Polityka prywatno\u015bci.<br \/>\n1.4. RODO \u2013 rozporz\u0105dzenie Parlamentu Europejskiego i Rady (UE) 2016\/679 z 27.04.2016 r. w sprawie ochrony os\u00f3b fizycznych w zwi\u0105zku z przetwarzaniem danych osobowych i w sprawie swobodnego przep\u0142ywu takich danych oraz uchylenia dyrektywy 95\/46\/WE.<br \/>\n1.5. Serwis \u2013 serwis internetowy prowadzony przez Administratora pod adresem www.adamietz.pl.<br \/>\n1.6. U\u017cytkownik \u2013 ka\u017cda osoba fizyczna odwiedzaj\u0105ca Serwis lub korzystaj\u0105ca z jednej albo kilku us\u0142ug czy funkcjonalno\u015bci opisanych w Polityce.<\/p>\n<p><strong>2. Przetwarzanie Danych osobowych w zwi\u0105zku z korzystaniem z Serwisu<\/strong><\/p>\n<p>2.1. W zwi\u0105zku z korzystaniem przez U\u017cytkownika z Serwisu Administrator zbiera dane w zakresie niezb\u0119dnym do \u015bwiadczenia poszczeg\u00f3lnych oferowanych us\u0142ug. Poni\u017cej zosta\u0142y opisane szczeg\u00f3\u0142owe zasady oraz cele przetwarzania Danych osobowych gromadzonych podczas korzystania z Serwisu przez U\u017cytkownika.<br \/>\n2.2. W sprawach zwi\u0105zanych z przetwarzaniem danych osobowych mo\u017cesz kontaktowa\u0107 si\u0119 z Inspektorem Ochrony Danych: Kamil Durna\u015b<br \/>\ntel. <a href=\"tel:+48791293232\">791-29-32-32<\/a><br \/>\ne-mail: <a href=\"mailto:iod@adamietz.pl\">iod@adamietz.pl<\/a><\/p>\n<p><strong>3. Cele i podstawy prawne przetwarzania Danych osobowych w Serwisie<\/strong><\/p>\n<p>3.1. Dane osobowe wszystkich os\u00f3b korzystaj\u0105cych z Serwisu przetwarzane s\u0105 przez Administratora:<br \/>\na) w celu \u015bwiadczenia us\u0142ug drog\u0105 elektroniczn\u0105 w zakresie udost\u0119pniania U\u017cytkownikom tre\u015bci gromadzonych w Serwisie \u2013 w\u00f3wczas podstaw\u0105 prawn\u0105 przetwarzania jest niezb\u0119dno\u015b\u0107 przetwarzania do wykonania umowy (art. 6 ust. 1 lit. b RODO);<br \/>\nb) w celu ustalenia i dochodzenia roszcze\u0144 lub obrony przed roszczeniami \u2013 podstaw\u0105 prawn\u0105 przetwarzania jest prawnie uzasadniony interes Administratora (art. 6 ust. 1 lit. f RODO), polegaj\u0105cy na ochronie jego praw;<br \/>\nc) w celu umo\u017cliwienia kontaktu z Administratorem poprzez formularz kontaktowy;<br \/>\nd) w celu umo\u017cliwienia aplikowania do pracy u Administratora w zwi\u0105zku z konkretn\u0105 rekrutacj\u0105.<\/p>\n<p><strong>4. Pliki cookies<\/strong><\/p>\n<p>4.1. Administrator w ramach Serwisu korzysta z plik\u00f3w cookie. Cele i zasady dotycz\u0105ce korzystania z plik\u00f3w cookie znajduj\u0105 si\u0119 w <a href=\"https:\/\/profilar.devoffteam.eu\/wp-content\/uploads\/2025\/09\/Polityka-cookies.pdf\" target=\"_blank\" rel=\"noopener\">Polityce Plik\u00f3w cookie<\/a>.<\/p>\n<p>5.1. Okres przetwarzania danych przez Administratora zale\u017cy od rodzaju \u015bwiadczonej us\u0142ugi i celu przetwarzania. Co do zasady dane przetwarzane s\u0105 przez czas \u015bwiadczenia us\u0142ugi, do czasu wycofania wyra\u017conej zgody lub zg\u0142oszenia skutecznego sprzeciwu wzgl\u0119dem przetwarzania danych w przypadkach, gdy podstaw\u0105 prawn\u0105 przetwarzania danych jest prawnie uzasadniony interes Administratora.<br \/>\n5.2. Okres przetwarzania danych mo\u017ce by\u0107 przed\u0142u\u017cony w przypadku, gdy przetwarzanie jest niezb\u0119dne do ustalenia i dochodzenia ewentualnych roszcze\u0144 lub obrony przed roszczeniami, a po tym czasie jedynie w przypadku i w zakresie, w jakim b\u0119d\u0105 wymaga\u0107 tego przepisy prawa. Po up\u0142ywie okresu przetwarzania dane s\u0105 nieodwracalnie usuwane.<\/p>\n<p><strong>6. Uprawnienia U\u017cytkownika<\/strong><\/p>\n<p>6.1. U\u017cytkownikowi przys\u0142uguje prawo dost\u0119pu do tre\u015bci danych oraz \u017c\u0105dania ich sprostowania, usuni\u0119cia, ograniczenia przetwarzania, prawo do przenoszenia danych oraz prawo wniesienia skargi do organu nadzorczego zajmuj\u0105cego si\u0119 ochron\u0105 Danych osobowych.<br \/>\n6.2. U\u017cytkownikowi przys\u0142uguje r\u00f3wnie\u017c prawo wniesienia sprzeciwu, z przyczyn zwi\u0105zanych z jego szczeg\u00f3ln\u0105 sytuacj\u0105, wzgl\u0119dem przetwarzania danych, kt\u00f3re odbywa si\u0119 w oparciu o prawnie uzasadniony interes Administratora.<\/p>\n<p><strong>7. Odbiorcy Danych osobowych<\/strong><\/p>\n<p>7.1. W zwi\u0105zku z realizacj\u0105 us\u0142ug Dane osobowe b\u0119d\u0105 ujawniane zewn\u0119trznym podmiotom, w tym w szczeg\u00f3lno\u015bci dostawcom us\u0142ug IT pozwalaj\u0105cym na prawid\u0142owe korzystanie z Serwisu.<br \/>\n7.2. W przypadku uzyskania zgody U\u017cytkownika jego dane mog\u0105 zosta\u0107 tak\u017ce udost\u0119pnione innym podmiotom do ich w\u0142asnych cel\u00f3w, w tym cel\u00f3w marketingowych.<br \/>\n7.3. Administrator zastrzega sobie prawo ujawnienia wybranych informacji dotycz\u0105cych U\u017cytkownika w\u0142a\u015bciwym organom b\u0105d\u017a osobom trzecim, kt\u00f3re zg\u0142osz\u0105 \u017c\u0105danie udzielenia takich informacji, opieraj\u0105c si\u0119 na odpowiedniej podstawie prawnej oraz zgodnie z przepisami obowi\u0105zuj\u0105cego prawa.<\/p>\n<p><strong>8. Przekazywanie Danych osobowych poza EOG<\/strong><\/p>\n<p>8.1. Twoje dane mog\u0105 by\u0107 przekazywane poza EOG w przypadkach okre\u015blonych w Polityce Plik\u00f3w Cookie.<\/p>\n<p><strong>9. Bezpiecze\u0144stwo Danych osobowych<\/strong><\/p>\n<p>9.1. Administrator na bie\u017c\u0105co prowadzi analiz\u0119 ryzyka w celu zapewnienia, \u017ce Dane osobowe przetwarzane s\u0105 przez niego w spos\u00f3b bezpieczny \u2013 zapewniaj\u0105cy przede wszystkim, \u017ce dost\u0119p do danych maj\u0105 jedynie osoby upowa\u017cnione i jedynie w zakresie, w jakim jest to niezb\u0119dne ze wzgl\u0119du na wykonywane przez nie zadania. Administrator dba o to, by wszystkie operacje na Danych osobowych by\u0142y rejestrowane i dokonywane jedynie przez uprawnionych pracownik\u00f3w i wsp\u00f3\u0142pracownik\u00f3w.<br \/>\n9.2. Administrator podejmuje wszelkie niezb\u0119dne dzia\u0142ania, by tak\u017ce jego podwykonawcy i inne podmioty wsp\u00f3\u0142pracuj\u0105ce dawa\u0142y gwarancj\u0119 stosowania odpowiednich \u015brodk\u00f3w bezpiecze\u0144stwa w ka\u017cdym przypadku, gdy przetwarzaj\u0105 Dane osobowe na zlecenie Administratora.<\/p>\n<p><strong>10. Zmiany Polityki prywatno\u015bci<\/strong><\/p>\n<p>10.1. Polityka jest na bie\u017c\u0105co weryfikowana i w razie potrzeby aktualizowana.<br \/>\n10.2. Aktualna wersja Polityki zosta\u0142a przyj\u0119ta i obowi\u0105zuje od 01.01.2023 r.<\/p>\n\t\t\t<\/div>\n\t\t<\/section>\n\t\t","protected":false},"excerpt":{"rendered":"","protected":false},"author":1,"featured_media":0,"parent":0,"menu_order":8,"comment_status":"closed","ping_status":"open","template":"","meta":{"_acf_changed":false,"footnotes":""},"class_list":["post-1529","page","type-page","status-publish","hentry"],"acf":[],"yoast_head":"<!-- This site is optimized with the Yoast SEO plugin v27.3 - https:\/\/yoast.com\/product\/yoast-seo-wordpress\/ -->\n<title>Z\u00e1sady ochrany\u00a0osobn\u00edch\u00a0\u00fadaj\u016f - Profilar<\/title>\n<meta name=\"robots\" content=\"index, follow, max-snippet:-1, max-image-preview:large, max-video-preview:-1\" \/>\n<link rel=\"canonical\" href=\"https:\/\/profilar.pl\/cs\/zasady-ochrany-osobnich-udaju\/\" \/>\n<meta property=\"og:locale\" content=\"cs_CZ\" \/>\n<meta property=\"og:type\" content=\"article\" \/>\n<meta property=\"og:title\" content=\"Z\u00e1sady ochrany\u00a0osobn\u00edch\u00a0\u00fadaj\u016f - Profilar\" \/>\n<meta property=\"og:url\" content=\"https:\/\/profilar.pl\/cs\/zasady-ochrany-osobnich-udaju\/\" \/>\n<meta property=\"og:site_name\" content=\"Profilar\" \/>\n<meta property=\"article:publisher\" content=\"https:\/\/www.facebook.com\/PROFILAR.online\/\" \/>\n<meta property=\"article:modified_time\" content=\"2025-10-08T06:28:23+00:00\" \/>\n<meta name=\"twitter:card\" content=\"summary_large_image\" \/>\n<script type=\"application\/ld+json\" class=\"yoast-schema-graph\">{\"@context\":\"https:\\\/\\\/schema.org\",\"@graph\":[{\"@type\":\"WebPage\",\"@id\":\"https:\\\/\\\/profilar.pl\\\/cs\\\/zasady-ochrany-osobnich-udaju\\\/\",\"url\":\"https:\\\/\\\/profilar.pl\\\/cs\\\/zasady-ochrany-osobnich-udaju\\\/\",\"name\":\"Z\u00e1sady ochrany\u00a0osobn\u00edch\u00a0\u00fadaj\u016f - Profilar\",\"isPartOf\":{\"@id\":\"https:\\\/\\\/profilar.pl\\\/#website\"},\"datePublished\":\"2025-03-31T09:12:21+00:00\",\"dateModified\":\"2025-10-08T06:28:23+00:00\",\"breadcrumb\":{\"@id\":\"https:\\\/\\\/profilar.pl\\\/cs\\\/zasady-ochrany-osobnich-udaju\\\/#breadcrumb\"},\"inLanguage\":\"cs\",\"potentialAction\":[{\"@type\":\"ReadAction\",\"target\":[\"https:\\\/\\\/profilar.pl\\\/cs\\\/zasady-ochrany-osobnich-udaju\\\/\"]}]},{\"@type\":\"BreadcrumbList\",\"@id\":\"https:\\\/\\\/profilar.pl\\\/cs\\\/zasady-ochrany-osobnich-udaju\\\/#breadcrumb\",\"itemListElement\":[{\"@type\":\"ListItem\",\"position\":1,\"name\":\"Home\",\"item\":\"https:\\\/\\\/profilar.pl\\\/cs\\\/\"},{\"@type\":\"ListItem\",\"position\":2,\"name\":\"Z\u00e1sady ochrany\u00a0osobn\u00edch\u00a0\u00fadaj\u016f\"}]},{\"@type\":\"WebSite\",\"@id\":\"https:\\\/\\\/profilar.pl\\\/#website\",\"url\":\"https:\\\/\\\/profilar.pl\\\/\",\"name\":\"Stalowe profile zimnogi\u0119te | Profilar\",\"description\":\"\",\"publisher\":{\"@id\":\"https:\\\/\\\/profilar.pl\\\/#organization\"},\"potentialAction\":[{\"@type\":\"SearchAction\",\"target\":{\"@type\":\"EntryPoint\",\"urlTemplate\":\"https:\\\/\\\/profilar.pl\\\/?s={search_term_string}\"},\"query-input\":{\"@type\":\"PropertyValueSpecification\",\"valueRequired\":true,\"valueName\":\"search_term_string\"}}],\"inLanguage\":\"cs\"},{\"@type\":\"Organization\",\"@id\":\"https:\\\/\\\/profilar.pl\\\/#organization\",\"name\":\"Profilar\",\"url\":\"https:\\\/\\\/profilar.pl\\\/\",\"logo\":{\"@type\":\"ImageObject\",\"inLanguage\":\"cs\",\"@id\":\"https:\\\/\\\/profilar.pl\\\/#\\\/schema\\\/logo\\\/image\\\/\",\"url\":\"https:\\\/\\\/profilar.pl\\\/wp-content\\\/uploads\\\/2025\\\/09\\\/Group-1.svg\",\"contentUrl\":\"https:\\\/\\\/profilar.pl\\\/wp-content\\\/uploads\\\/2025\\\/09\\\/Group-1.svg\",\"caption\":\"Profilar\"},\"image\":{\"@id\":\"https:\\\/\\\/profilar.pl\\\/#\\\/schema\\\/logo\\\/image\\\/\"},\"sameAs\":[\"https:\\\/\\\/www.facebook.com\\\/PROFILAR.online\\\/\",\"https:\\\/\\\/pl.linkedin.com\\\/company\\\/profilar\",\"https:\\\/\\\/www.instagram.com\\\/profilar.online\\\/\"]}]}<\/script>\n<!-- \/ Yoast SEO plugin. -->","yoast_head_json":{"title":"Z\u00e1sady ochrany\u00a0osobn\u00edch\u00a0\u00fadaj\u016f - Profilar","robots":{"index":"index","follow":"follow","max-snippet":"max-snippet:-1","max-image-preview":"max-image-preview:large","max-video-preview":"max-video-preview:-1"},"canonical":"https:\/\/profilar.pl\/cs\/zasady-ochrany-osobnich-udaju\/","og_locale":"cs_CZ","og_type":"article","og_title":"Z\u00e1sady ochrany\u00a0osobn\u00edch\u00a0\u00fadaj\u016f - Profilar","og_url":"https:\/\/profilar.pl\/cs\/zasady-ochrany-osobnich-udaju\/","og_site_name":"Profilar","article_publisher":"https:\/\/www.facebook.com\/PROFILAR.online\/","article_modified_time":"2025-10-08T06:28:23+00:00","twitter_card":"summary_large_image","schema":{"@context":"https:\/\/schema.org","@graph":[{"@type":"WebPage","@id":"https:\/\/profilar.pl\/cs\/zasady-ochrany-osobnich-udaju\/","url":"https:\/\/profilar.pl\/cs\/zasady-ochrany-osobnich-udaju\/","name":"Z\u00e1sady ochrany\u00a0osobn\u00edch\u00a0\u00fadaj\u016f - Profilar","isPartOf":{"@id":"https:\/\/profilar.pl\/#website"},"datePublished":"2025-03-31T09:12:21+00:00","dateModified":"2025-10-08T06:28:23+00:00","breadcrumb":{"@id":"https:\/\/profilar.pl\/cs\/zasady-ochrany-osobnich-udaju\/#breadcrumb"},"inLanguage":"cs","potentialAction":[{"@type":"ReadAction","target":["https:\/\/profilar.pl\/cs\/zasady-ochrany-osobnich-udaju\/"]}]},{"@type":"BreadcrumbList","@id":"https:\/\/profilar.pl\/cs\/zasady-ochrany-osobnich-udaju\/#breadcrumb","itemListElement":[{"@type":"ListItem","position":1,"name":"Home","item":"https:\/\/profilar.pl\/cs\/"},{"@type":"ListItem","position":2,"name":"Z\u00e1sady ochrany\u00a0osobn\u00edch\u00a0\u00fadaj\u016f"}]},{"@type":"WebSite","@id":"https:\/\/profilar.pl\/#website","url":"https:\/\/profilar.pl\/","name":"Stalowe profile zimnogi\u0119te | Profilar","description":"","publisher":{"@id":"https:\/\/profilar.pl\/#organization"},"potentialAction":[{"@type":"SearchAction","target":{"@type":"EntryPoint","urlTemplate":"https:\/\/profilar.pl\/?s={search_term_string}"},"query-input":{"@type":"PropertyValueSpecification","valueRequired":true,"valueName":"search_term_string"}}],"inLanguage":"cs"},{"@type":"Organization","@id":"https:\/\/profilar.pl\/#organization","name":"Profilar","url":"https:\/\/profilar.pl\/","logo":{"@type":"ImageObject","inLanguage":"cs","@id":"https:\/\/profilar.pl\/#\/schema\/logo\/image\/","url":"https:\/\/profilar.pl\/wp-content\/uploads\/2025\/09\/Group-1.svg","contentUrl":"https:\/\/profilar.pl\/wp-content\/uploads\/2025\/09\/Group-1.svg","caption":"Profilar"},"image":{"@id":"https:\/\/profilar.pl\/#\/schema\/logo\/image\/"},"sameAs":["https:\/\/www.facebook.com\/PROFILAR.online\/","https:\/\/pl.linkedin.com\/company\/profilar","https:\/\/www.instagram.com\/profilar.online\/"]}]}},"_links":{"self":[{"href":"https:\/\/profilar.pl\/cs\/wp-json\/wp\/v2\/pages\/1529","targetHints":{"allow":["GET"]}}],"collection":[{"href":"https:\/\/profilar.pl\/cs\/wp-json\/wp\/v2\/pages"}],"about":[{"href":"https:\/\/profilar.pl\/cs\/wp-json\/wp\/v2\/types\/page"}],"author":[{"embeddable":true,"href":"https:\/\/profilar.pl\/cs\/wp-json\/wp\/v2\/users\/1"}],"replies":[{"embeddable":true,"href":"https:\/\/profilar.pl\/cs\/wp-json\/wp\/v2\/comments?post=1529"}],"version-history":[{"count":2,"href":"https:\/\/profilar.pl\/cs\/wp-json\/wp\/v2\/pages\/1529\/revisions"}],"predecessor-version":[{"id":1579,"href":"https:\/\/profilar.pl\/cs\/wp-json\/wp\/v2\/pages\/1529\/revisions\/1579"}],"wp:attachment":[{"href":"https:\/\/profilar.pl\/cs\/wp-json\/wp\/v2\/media?parent=1529"}],"curies":[{"name":"wp","href":"https:\/\/api.w.org\/{rel}","templated":true}]}}