{"id":1512,"date":"2025-03-31T10:42:17","date_gmt":"2025-03-31T10:42:17","guid":{"rendered":"https:\/\/profilar.pl\/o-nas\/"},"modified":"2026-03-25T14:25:24","modified_gmt":"2026-03-25T14:25:24","slug":"o-nas","status":"publish","type":"page","link":"https:\/\/profilar.pl\/cs\/o-nas\/","title":{"rendered":"O n\u00e1s\u00a0"},"content":{"rendered":"\t\t<section id=\"\" class=\"page-header\" style=\"background-image:url('https:\/\/profilar.pl\/wp-content\/uploads\/2025\/04\/onas.jpg')\">\n\t\t\t<h1>O n\u00e1s\u00a0<\/h1>\n\t\t<\/section>\n\t\t<div class=\"container\">\n\t\t\t<div id=\"crumbs\"><a href=\"https:\/\/profilar.pl\/cs\/\">Domovsk\u00e1 str\u00e1nka PROFILAR<\/a> <svg width=\"14\" height=\"13\" viewBox=\"0 0 14 13\" fill=\"none\" xmlns=\"http:\/\/www.w3.org\/2000\/svg\">\n<path d=\"M10.2571 7.30839L0.427553 7.30839L0.427553 5.69354L10.2565 5.69297L5.92535 1.36177L7.06739 0.219732L13.3486 6.50097L7.06739 12.7822L5.92534 11.6402L10.2571 7.30839Z\" fill=\"#536383\"\/>\n<\/svg>\n <span class=\"current\">Str\u00e1nka<\/span><\/div>\t\t<\/div>\n\t\t\n\n\t\t<section id=\"\" class=\"text-photo\">\n\t\t\t<div class=\"container\">\n\t\t\t\t<div class=\"text-photo__wrapper\">\n\t\t\t\t\t\n\t\t\t\t\t<div class=\"description\">\n\t\t\t\t\t\t\t\t\t\t\t\t\t<h4>PROFILAR <\/h4>\n\t\t\t\t\t\t\t\t\t\t\t\t\t\t\t\t\t\t\t<h2>N\u00e1\u0161 profil, v\u00e1\u0161 \u00fasp\u011bch<\/h2>\n\t\t\t\t\t\t\t\t\t\t\t\t\t\t\t\t\t\t\t<p class=\"p1\"><span class=\"s1\"><b>PROFILAR nab\u00edz\u00ed v\u00fdrobu ocelov\u00fdch a hlin\u00edkov\u00fdch profil\u016f na m\u00edru pro obchod, pr\u016fmysl a stavebnictv\u00ed, v\u017edy p\u0159izp\u016fsobenou individu\u00e1ln\u00edm pot\u0159eb\u00e1m z\u00e1kazn\u00edk\u016f.<\/b><b><\/b><\/span><\/p>\n<p class=\"p1\"><span class=\"s1\">D\u00edky v\u00edce ne\u017e 25let\u00fdm zku\u0161enostem dnes spolupracujeme s p\u0159edn\u00edmi gener\u00e1ln\u00edmi dodavateli stavebn\u00edch projekt\u016f v Polsku i v cel\u00e9 Evrop\u011b a realizujeme v\u00edce ne\u017e 150 projekt\u016f ro\u010dn\u011b. Tyto zku\u0161enosti se prom\u00edtaj\u00ed do na\u0161\u00ed ka\u017edodenn\u00ed pr\u00e1ce prost\u0159ednictv\u00edm dlouhodob\u00e9 spolupr\u00e1ce se st\u00e1vaj\u00edc\u00edmi partnery, individu\u00e1ln\u00edho p\u0159\u00edstupu k z\u00e1kazn\u00edk\u016fm a v\u00fdrobn\u00edch proces\u016f p\u0159izp\u016fsoben\u00fdch jejich pot\u0159eb\u00e1m.<\/span><\/p>\n<p class=\"p1\"><span class=\"s1\">Spole\u010dn\u011b s na\u0161imi z\u00e1kazn\u00edky vyv\u00edj\u00edme vlastn\u00ed komponentov\u00e1 \u0159e\u0161en\u00ed a inovativn\u00ed projek\u010dn\u00ed syst\u00e9my. R\u016fst na\u0161ich z\u00e1kazn\u00edk\u016f podporuje n\u00e1\u0161 vlastn\u00ed rozvoj a z\u00e1rove\u0148 je v\u00fdsledkem na\u0161\u00ed spole\u010dn\u00e9 spolupr\u00e1ce. D\u00edky podn\u011bt\u016fm od na\u0161ich partner\u016f vznikaj\u00ed nov\u00e9 p\u0159\u00edle\u017eitosti a inovativn\u00ed n\u00e1pady, jejich\u017e realizace je mo\u017en\u00e1 d\u00edky spolupr\u00e1ci cel\u00e9ho t\u00fdmu PROFILAR. Na\u0161\u00edm c\u00edlem je poskytovat spolehliv\u00e1 a efektivn\u00ed \u0159e\u0161en\u00ed, kter\u00e1 p\u0159in\u00e1\u0161ej\u00ed skute\u010dnou hodnotu na\u0161im z\u00e1kazn\u00edk\u016fm.<\/span><\/p>\n\t\t\t\t\t\t\t\t\t\t\t<\/div>\n\t\t\t\t\t<div class=\"photo\">\n\t\t\t\t\t\t\t\t\t\t\t\t\t<img decoding=\"async\" src=\"https:\/\/profilar.pl\/wp-content\/uploads\/2025\/08\/siedziba-profilar.webp\" alt=\"N\u00e1\u0161 profil, v\u00e1\u0161 \u00fasp\u011bch\">\n\t\t\t\t\t\t\t\t\t\t\t<\/div>\n\t\t\t\t<\/div>\n\t\t\t<\/div>\n\t\t<\/section>\n\t\t\n\n\t\t<section id=\"\" class=\"cooperation\">\n\t\t\t<div class=\"container\">\n\t\t\t\t<div class=\"cooperation__wrapper\">\n\t\t\t\t\t<div>\n\t\t\t\t\t\t\t\t\t\t\t\t\t<h2>Zveme v\u00e1s ke spolupr\u00e1ci!<\/h2>\n\t\t\t\t\t\t\t\t\t\t\t\t\t\t\t\t\t\t\t<p class=\"p1\"><span class=\"s1\">Ka\u017ed\u00fd projekt p\u0159in\u00e1\u0161\u00ed nov\u00e9 v\u00fdzvy. Pro n\u00e1s jsou tyto v\u00fdzvy motivac\u00ed k realizaci projekt\u016f na\u0161ich z\u00e1kazn\u00edk\u016f. Po celou dobu spolupr\u00e1ce je v\u00e1m k dispozici odpov\u011bdn\u00e1 kontaktn\u00ed osoba, kter\u00e1 v\u00e1s provede cel\u00fdm procesem \u2013 od prvotn\u00ed my\u0161lenky a\u017e po dokon\u010den\u00ed projektu.<\/span><\/p>\n\t\t\t\t\t\t\t\t\t\t\t<\/div>\n\t\t\t\t<\/div>\n\t\t\t<\/div>\n\t\t<\/section>\n\t\t","protected":false},"excerpt":{"rendered":"","protected":false},"author":1,"featured_media":0,"parent":0,"menu_order":6,"comment_status":"closed","ping_status":"closed","template":"","meta":{"_acf_changed":false,"footnotes":""},"class_list":["post-1512","page","type-page","status-publish","hentry"],"acf":[],"yoast_head":"<!-- This site is optimized with the Yoast SEO plugin v27.3 - https:\/\/yoast.com\/product\/yoast-seo-wordpress\/ -->\n<title>O n\u00e1s\u00a0 - Profilar<\/title>\n<meta name=\"robots\" content=\"index, follow, max-snippet:-1, max-image-preview:large, max-video-preview:-1\" \/>\n<link rel=\"canonical\" href=\"https:\/\/profilar.pl\/cs\/o-nas\/\" \/>\n<meta property=\"og:locale\" content=\"cs_CZ\" \/>\n<meta property=\"og:type\" content=\"article\" \/>\n<meta property=\"og:title\" content=\"O n\u00e1s\u00a0 - Profilar\" \/>\n<meta property=\"og:url\" content=\"https:\/\/profilar.pl\/cs\/o-nas\/\" \/>\n<meta property=\"og:site_name\" content=\"Profilar\" \/>\n<meta property=\"article:publisher\" content=\"https:\/\/www.facebook.com\/PROFILAR.online\/\" \/>\n<meta property=\"article:modified_time\" content=\"2026-03-25T14:25:24+00:00\" \/>\n<meta name=\"twitter:card\" content=\"summary_large_image\" \/>\n<script type=\"application\/ld+json\" class=\"yoast-schema-graph\">{\"@context\":\"https:\\\/\\\/schema.org\",\"@graph\":[{\"@type\":\"WebPage\",\"@id\":\"https:\\\/\\\/profilar.pl\\\/cs\\\/o-nas\\\/\",\"url\":\"https:\\\/\\\/profilar.pl\\\/cs\\\/o-nas\\\/\",\"name\":\"O n\u00e1s\u00a0 - Profilar\",\"isPartOf\":{\"@id\":\"https:\\\/\\\/profilar.pl\\\/#website\"},\"datePublished\":\"2025-03-31T10:42:17+00:00\",\"dateModified\":\"2026-03-25T14:25:24+00:00\",\"breadcrumb\":{\"@id\":\"https:\\\/\\\/profilar.pl\\\/cs\\\/o-nas\\\/#breadcrumb\"},\"inLanguage\":\"cs\",\"potentialAction\":[{\"@type\":\"ReadAction\",\"target\":[\"https:\\\/\\\/profilar.pl\\\/cs\\\/o-nas\\\/\"]}]},{\"@type\":\"BreadcrumbList\",\"@id\":\"https:\\\/\\\/profilar.pl\\\/cs\\\/o-nas\\\/#breadcrumb\",\"itemListElement\":[{\"@type\":\"ListItem\",\"position\":1,\"name\":\"Home\",\"item\":\"https:\\\/\\\/profilar.pl\\\/cs\\\/\"},{\"@type\":\"ListItem\",\"position\":2,\"name\":\"O n\u00e1s\u00a0\"}]},{\"@type\":\"WebSite\",\"@id\":\"https:\\\/\\\/profilar.pl\\\/#website\",\"url\":\"https:\\\/\\\/profilar.pl\\\/\",\"name\":\"Stalowe profile zimnogi\u0119te | Profilar\",\"description\":\"\",\"publisher\":{\"@id\":\"https:\\\/\\\/profilar.pl\\\/#organization\"},\"potentialAction\":[{\"@type\":\"SearchAction\",\"target\":{\"@type\":\"EntryPoint\",\"urlTemplate\":\"https:\\\/\\\/profilar.pl\\\/?s={search_term_string}\"},\"query-input\":{\"@type\":\"PropertyValueSpecification\",\"valueRequired\":true,\"valueName\":\"search_term_string\"}}],\"inLanguage\":\"cs\"},{\"@type\":\"Organization\",\"@id\":\"https:\\\/\\\/profilar.pl\\\/#organization\",\"name\":\"Profilar\",\"url\":\"https:\\\/\\\/profilar.pl\\\/\",\"logo\":{\"@type\":\"ImageObject\",\"inLanguage\":\"cs\",\"@id\":\"https:\\\/\\\/profilar.pl\\\/#\\\/schema\\\/logo\\\/image\\\/\",\"url\":\"https:\\\/\\\/profilar.pl\\\/wp-content\\\/uploads\\\/2025\\\/09\\\/Group-1.svg\",\"contentUrl\":\"https:\\\/\\\/profilar.pl\\\/wp-content\\\/uploads\\\/2025\\\/09\\\/Group-1.svg\",\"caption\":\"Profilar\"},\"image\":{\"@id\":\"https:\\\/\\\/profilar.pl\\\/#\\\/schema\\\/logo\\\/image\\\/\"},\"sameAs\":[\"https:\\\/\\\/www.facebook.com\\\/PROFILAR.online\\\/\",\"https:\\\/\\\/pl.linkedin.com\\\/company\\\/profilar\",\"https:\\\/\\\/www.instagram.com\\\/profilar.online\\\/\"]}]}<\/script>\n<!-- \/ Yoast SEO plugin. -->","yoast_head_json":{"title":"O n\u00e1s\u00a0 - Profilar","robots":{"index":"index","follow":"follow","max-snippet":"max-snippet:-1","max-image-preview":"max-image-preview:large","max-video-preview":"max-video-preview:-1"},"canonical":"https:\/\/profilar.pl\/cs\/o-nas\/","og_locale":"cs_CZ","og_type":"article","og_title":"O n\u00e1s\u00a0 - Profilar","og_url":"https:\/\/profilar.pl\/cs\/o-nas\/","og_site_name":"Profilar","article_publisher":"https:\/\/www.facebook.com\/PROFILAR.online\/","article_modified_time":"2026-03-25T14:25:24+00:00","twitter_card":"summary_large_image","schema":{"@context":"https:\/\/schema.org","@graph":[{"@type":"WebPage","@id":"https:\/\/profilar.pl\/cs\/o-nas\/","url":"https:\/\/profilar.pl\/cs\/o-nas\/","name":"O n\u00e1s\u00a0 - Profilar","isPartOf":{"@id":"https:\/\/profilar.pl\/#website"},"datePublished":"2025-03-31T10:42:17+00:00","dateModified":"2026-03-25T14:25:24+00:00","breadcrumb":{"@id":"https:\/\/profilar.pl\/cs\/o-nas\/#breadcrumb"},"inLanguage":"cs","potentialAction":[{"@type":"ReadAction","target":["https:\/\/profilar.pl\/cs\/o-nas\/"]}]},{"@type":"BreadcrumbList","@id":"https:\/\/profilar.pl\/cs\/o-nas\/#breadcrumb","itemListElement":[{"@type":"ListItem","position":1,"name":"Home","item":"https:\/\/profilar.pl\/cs\/"},{"@type":"ListItem","position":2,"name":"O n\u00e1s\u00a0"}]},{"@type":"WebSite","@id":"https:\/\/profilar.pl\/#website","url":"https:\/\/profilar.pl\/","name":"Stalowe profile zimnogi\u0119te | Profilar","description":"","publisher":{"@id":"https:\/\/profilar.pl\/#organization"},"potentialAction":[{"@type":"SearchAction","target":{"@type":"EntryPoint","urlTemplate":"https:\/\/profilar.pl\/?s={search_term_string}"},"query-input":{"@type":"PropertyValueSpecification","valueRequired":true,"valueName":"search_term_string"}}],"inLanguage":"cs"},{"@type":"Organization","@id":"https:\/\/profilar.pl\/#organization","name":"Profilar","url":"https:\/\/profilar.pl\/","logo":{"@type":"ImageObject","inLanguage":"cs","@id":"https:\/\/profilar.pl\/#\/schema\/logo\/image\/","url":"https:\/\/profilar.pl\/wp-content\/uploads\/2025\/09\/Group-1.svg","contentUrl":"https:\/\/profilar.pl\/wp-content\/uploads\/2025\/09\/Group-1.svg","caption":"Profilar"},"image":{"@id":"https:\/\/profilar.pl\/#\/schema\/logo\/image\/"},"sameAs":["https:\/\/www.facebook.com\/PROFILAR.online\/","https:\/\/pl.linkedin.com\/company\/profilar","https:\/\/www.instagram.com\/profilar.online\/"]}]}},"_links":{"self":[{"href":"https:\/\/profilar.pl\/cs\/wp-json\/wp\/v2\/pages\/1512","targetHints":{"allow":["GET"]}}],"collection":[{"href":"https:\/\/profilar.pl\/cs\/wp-json\/wp\/v2\/pages"}],"about":[{"href":"https:\/\/profilar.pl\/cs\/wp-json\/wp\/v2\/types\/page"}],"author":[{"embeddable":true,"href":"https:\/\/profilar.pl\/cs\/wp-json\/wp\/v2\/users\/1"}],"replies":[{"embeddable":true,"href":"https:\/\/profilar.pl\/cs\/wp-json\/wp\/v2\/comments?post=1512"}],"version-history":[{"count":2,"href":"https:\/\/profilar.pl\/cs\/wp-json\/wp\/v2\/pages\/1512\/revisions"}],"predecessor-version":[{"id":1700,"href":"https:\/\/profilar.pl\/cs\/wp-json\/wp\/v2\/pages\/1512\/revisions\/1700"}],"wp:attachment":[{"href":"https:\/\/profilar.pl\/cs\/wp-json\/wp\/v2\/media?parent=1512"}],"curies":[{"name":"wp","href":"https:\/\/api.w.org\/{rel}","templated":true}]}}